{"id":318424,"date":"2024-10-07T12:37:51","date_gmt":"2024-10-07T15:37:51","guid":{"rendered":"https:\/\/www.livrariarema.com.br\/loja\/produtos\/sem categoria\/os-pioneiros-americanos-livro-6-o-longo-inverno-laura-ingalls-wilder\/"},"modified":"2026-02-28T11:31:26","modified_gmt":"2026-02-28T14:31:26","slug":"os-pioneiros-americanos-livro-6-o-longo-inverno-laura-ingalls-wilder","status":"publish","type":"product","link":"https:\/\/www.livrariarema.com.br\/loja\/produtos\/livros\/juvenil\/os-pioneiros-americanos-livro-6-o-longo-inverno-laura-ingalls-wilder\/","title":{"rendered":"Os Pioneiros Americanos &#8211; Livro 6 &#8211; O Longo Inverno &#8211; Laura Ingalls Wilder"},"content":{"rendered":"<p>Na pradaria vazia, nuvens cinzentas a noroeste significavam apenas uma coisa: uma nevasca estava a segundos de dist\u00e2ncia. A primeira nevasca veio em outubro. Nevou quase sem parar at\u00e9 abril. A temperatura caiu para quarenta graus abaixo de zero. A neve cobriu tudo ao redor. O trem n\u00e3o conseguia passar para entregar comida e carv\u00e3o aos moradores. As pessoas da cidade come\u00e7aram a morrer de fome. A fam\u00edlia Ingalls mal sobreviveu \u00e0quele inverno. E Almanzo Wilder sabia que teria de arriscar a vida para salvar a cidade.<\/p>\n","protected":false},"excerpt":{"rendered":"<p>Na pradaria vazia, nuvens cinzentas a noroeste significavam apenas uma coisa: uma nevasca estava a segundos de dist\u00e2ncia. A primeira&hellip;<\/p>\n","protected":false},"featured_media":335691,"comment_status":"open","ping_status":"closed","template":"","meta":[],"product_cat":[184,134],"product_tag":[],"_links":{"self":[{"href":"https:\/\/www.livrariarema.com.br\/loja\/wp-json\/wp\/v2\/product\/318424"}],"collection":[{"href":"https:\/\/www.livrariarema.com.br\/loja\/wp-json\/wp\/v2\/product"}],"about":[{"href":"https:\/\/www.livrariarema.com.br\/loja\/wp-json\/wp\/v2\/types\/product"}],"replies":[{"embeddable":true,"href":"https:\/\/www.livrariarema.com.br\/loja\/wp-json\/wp\/v2\/comments?post=318424"}],"wp:featuredmedia":[{"embeddable":true,"href":"https:\/\/www.livrariarema.com.br\/loja\/wp-json\/wp\/v2\/media\/335691"}],"wp:attachment":[{"href":"https:\/\/www.livrariarema.com.br\/loja\/wp-json\/wp\/v2\/media?parent=318424"}],"wp:term":[{"taxonomy":"product_cat","embeddable":true,"href":"https:\/\/www.livrariarema.com.br\/loja\/wp-json\/wp\/v2\/product_cat?post=318424"},{"taxonomy":"product_tag","embeddable":true,"href":"https:\/\/www.livrariarema.com.br\/loja\/wp-json\/wp\/v2\/product_tag?post=318424"}],"curies":[{"name":"wp","href":"https:\/\/api.w.org\/{rel}","templated":true}]}}