{"id":318426,"date":"2024-10-07T12:37:57","date_gmt":"2024-10-07T15:37:57","guid":{"rendered":"https:\/\/www.livrariarema.com.br\/loja\/produtos\/sem categoria\/os-pioneiros-americanos-livro-9-os-primeiros-quatro-anos-laura-ingalls-wilder\/"},"modified":"2026-02-28T11:31:37","modified_gmt":"2026-02-28T14:31:37","slug":"os-pioneiros-americanos-livro-9-os-primeiros-quatro-anos-laura-ingalls-wilder","status":"publish","type":"product","link":"https:\/\/www.livrariarema.com.br\/loja\/produtos\/livros\/juvenil\/os-pioneiros-americanos-livro-9-os-primeiros-quatro-anos-laura-ingalls-wilder\/","title":{"rendered":"Os Pioneiros Americanos &#8211; Livro 9 &#8211; Os Primeiros Quatro Anos &#8211; Laura Ingalls Wilder"},"content":{"rendered":"<p>Laura Ingalls Wilder est\u00e1 come\u00e7ando a vida com o marido, Almanzo. Os dois jovens pioneiros v\u00e3o trabalhar duro, cultivando as terras ao redor de sua casa na pradaria de Dakota do Sul. Ali eles v\u00e3o formar sua fam\u00edlia, enfrentar as dificuldades, colher os triunfos como tantos pioneiros americanos. E assim termina a aventura de Laura Ingalls Wilder como uma pequena pioneira e come\u00e7a sua nova vida como esposa e m\u00e3e. Os nove livros apreciados por gera\u00e7\u00f5es de leitores oferecem um vislumbre \u00fanico do passado fronteiri\u00e7o da Am\u00e9rica e uma hist\u00f3ria comovente e inesquec\u00edvel.<\/p>\n","protected":false},"excerpt":{"rendered":"<p>Laura Ingalls Wilder est\u00e1 come\u00e7ando a vida com o marido, Almanzo. Os dois jovens pioneiros v\u00e3o trabalhar duro, cultivando as&hellip;<\/p>\n","protected":false},"featured_media":335692,"comment_status":"open","ping_status":"closed","template":"","meta":[],"product_cat":[184,134],"product_tag":[],"_links":{"self":[{"href":"https:\/\/www.livrariarema.com.br\/loja\/wp-json\/wp\/v2\/product\/318426"}],"collection":[{"href":"https:\/\/www.livrariarema.com.br\/loja\/wp-json\/wp\/v2\/product"}],"about":[{"href":"https:\/\/www.livrariarema.com.br\/loja\/wp-json\/wp\/v2\/types\/product"}],"replies":[{"embeddable":true,"href":"https:\/\/www.livrariarema.com.br\/loja\/wp-json\/wp\/v2\/comments?post=318426"}],"wp:featuredmedia":[{"embeddable":true,"href":"https:\/\/www.livrariarema.com.br\/loja\/wp-json\/wp\/v2\/media\/335692"}],"wp:attachment":[{"href":"https:\/\/www.livrariarema.com.br\/loja\/wp-json\/wp\/v2\/media?parent=318426"}],"wp:term":[{"taxonomy":"product_cat","embeddable":true,"href":"https:\/\/www.livrariarema.com.br\/loja\/wp-json\/wp\/v2\/product_cat?post=318426"},{"taxonomy":"product_tag","embeddable":true,"href":"https:\/\/www.livrariarema.com.br\/loja\/wp-json\/wp\/v2\/product_tag?post=318426"}],"curies":[{"name":"wp","href":"https:\/\/api.w.org\/{rel}","templated":true}]}}