{"id":318447,"date":"2024-10-07T12:39:39","date_gmt":"2024-10-07T15:39:39","guid":{"rendered":"https:\/\/www.livrariarema.com.br\/loja\/produtos\/sem categoria\/365-caca-palavras-ciencias\/"},"modified":"2026-04-07T14:40:56","modified_gmt":"2026-04-07T17:40:56","slug":"365-caca-palavras-ciencias","status":"publish","type":"product","link":"https:\/\/www.livrariarema.com.br\/loja\/produtos\/livros\/cruzadas-caca-palavras-jogos\/365-caca-palavras-ciencias\/","title":{"rendered":"365 Ca\u00e7a-Palavras &#8211; Ci\u00eancias"},"content":{"rendered":"<p>Aprimore seu raciocinio l\u00f3gico, melhore sua mem\u00f3ria e se atualize sobre Ci\u00eancias enquanto se diverte com os 365 ca\u00e7a-palavras. S\u00e3o v\u00e1rios jogos para voc\u00ea se desafiar.<\/p>\n","protected":false},"excerpt":{"rendered":"<p>Aprimore seu raciocinio l\u00f3gico, melhore sua mem\u00f3ria e se atualize sobre Ci\u00eancias enquanto se diverte com os 365 ca\u00e7a-palavras. S\u00e3o&hellip;<\/p>\n","protected":false},"featured_media":341301,"comment_status":"open","ping_status":"closed","template":"","meta":[],"product_cat":[338,134],"product_tag":[],"_links":{"self":[{"href":"https:\/\/www.livrariarema.com.br\/loja\/wp-json\/wp\/v2\/product\/318447"}],"collection":[{"href":"https:\/\/www.livrariarema.com.br\/loja\/wp-json\/wp\/v2\/product"}],"about":[{"href":"https:\/\/www.livrariarema.com.br\/loja\/wp-json\/wp\/v2\/types\/product"}],"replies":[{"embeddable":true,"href":"https:\/\/www.livrariarema.com.br\/loja\/wp-json\/wp\/v2\/comments?post=318447"}],"wp:featuredmedia":[{"embeddable":true,"href":"https:\/\/www.livrariarema.com.br\/loja\/wp-json\/wp\/v2\/media\/341301"}],"wp:attachment":[{"href":"https:\/\/www.livrariarema.com.br\/loja\/wp-json\/wp\/v2\/media?parent=318447"}],"wp:term":[{"taxonomy":"product_cat","embeddable":true,"href":"https:\/\/www.livrariarema.com.br\/loja\/wp-json\/wp\/v2\/product_cat?post=318447"},{"taxonomy":"product_tag","embeddable":true,"href":"https:\/\/www.livrariarema.com.br\/loja\/wp-json\/wp\/v2\/product_tag?post=318447"}],"curies":[{"name":"wp","href":"https:\/\/api.w.org\/{rel}","templated":true}]}}