{"id":318477,"date":"2024-10-07T13:03:52","date_gmt":"2024-10-07T16:03:52","guid":{"rendered":"https:\/\/www.livrariarema.com.br\/loja\/produtos\/sem categoria\/365-caca-palavras-cidades-do-brasil\/"},"modified":"2026-01-31T13:10:17","modified_gmt":"2026-01-31T16:10:17","slug":"365-caca-palavras-cidades-do-brasil","status":"publish","type":"product","link":"https:\/\/www.livrariarema.com.br\/loja\/produtos\/livros\/cruzadas-caca-palavras-jogos\/365-caca-palavras-cidades-do-brasil\/","title":{"rendered":"365 Ca\u00e7a-Palavras &#8211; Cidades Do Brasil"},"content":{"rendered":"<p>Enrique\u00e7a seu vocabul\u00e1rio, melhore sua mem\u00f3ria e aprenda nomes de cidades de diferentes lugares do Brasil.<\/p>\n","protected":false},"excerpt":{"rendered":"<p>Enrique\u00e7a seu vocabul\u00e1rio, melhore sua mem\u00f3ria e aprenda nomes de cidades de diferentes lugares do Brasil.<\/p>\n","protected":false},"featured_media":341307,"comment_status":"open","ping_status":"closed","template":"","meta":[],"product_cat":[338,134],"product_tag":[],"_links":{"self":[{"href":"https:\/\/www.livrariarema.com.br\/loja\/wp-json\/wp\/v2\/product\/318477"}],"collection":[{"href":"https:\/\/www.livrariarema.com.br\/loja\/wp-json\/wp\/v2\/product"}],"about":[{"href":"https:\/\/www.livrariarema.com.br\/loja\/wp-json\/wp\/v2\/types\/product"}],"replies":[{"embeddable":true,"href":"https:\/\/www.livrariarema.com.br\/loja\/wp-json\/wp\/v2\/comments?post=318477"}],"wp:featuredmedia":[{"embeddable":true,"href":"https:\/\/www.livrariarema.com.br\/loja\/wp-json\/wp\/v2\/media\/341307"}],"wp:attachment":[{"href":"https:\/\/www.livrariarema.com.br\/loja\/wp-json\/wp\/v2\/media?parent=318477"}],"wp:term":[{"taxonomy":"product_cat","embeddable":true,"href":"https:\/\/www.livrariarema.com.br\/loja\/wp-json\/wp\/v2\/product_cat?post=318477"},{"taxonomy":"product_tag","embeddable":true,"href":"https:\/\/www.livrariarema.com.br\/loja\/wp-json\/wp\/v2\/product_tag?post=318477"}],"curies":[{"name":"wp","href":"https:\/\/api.w.org\/{rel}","templated":true}]}}