{"id":318483,"date":"2024-10-07T13:04:10","date_gmt":"2024-10-07T16:04:10","guid":{"rendered":"https:\/\/www.livrariarema.com.br\/loja\/produtos\/sem categoria\/apoio-escolar-aprenda-matematica\/"},"modified":"2025-04-02T10:42:16","modified_gmt":"2025-04-02T13:42:16","slug":"apoio-escolar-aprenda-matematica","status":"publish","type":"product","link":"https:\/\/www.livrariarema.com.br\/loja\/produtos\/livros\/infantil\/apoio-escolar-aprenda-matematica\/","title":{"rendered":"Apoio Escolar &#8211; Aprenda Matem\u00e1tica"},"content":{"rendered":"<p>Na fazenda da dona Rosa, todos gostam muito de estudar. Vamos aprender os n\u00fameros com a Ovelha Rosa na escola? Neste apoio escolar, voc\u00ea ir\u00e1 conhecer: os numerais em nosso dia a dia, aprender\u00e1 a grafia dos n\u00fameros, atividades de contagem, rela\u00e7\u00e3o n\u00famero e quantidade, compara\u00e7\u00f5es, situa\u00e7\u00f5es-problema, formas geom\u00e9tricas, sequ\u00eancia num\u00e9rica, adi\u00e7\u00e3o e subtra\u00e7\u00e3o simples, etc. Com atividades l\u00fadicas e muito mais!<\/p>\n","protected":false},"excerpt":{"rendered":"<p>Na fazenda da dona Rosa, todos gostam muito de estudar. Vamos aprender os n\u00fameros com a Ovelha Rosa na escola?&hellip;<\/p>\n","protected":false},"featured_media":319020,"comment_status":"open","ping_status":"closed","template":"","meta":[],"product_cat":[144,134],"product_tag":[],"_links":{"self":[{"href":"https:\/\/www.livrariarema.com.br\/loja\/wp-json\/wp\/v2\/product\/318483"}],"collection":[{"href":"https:\/\/www.livrariarema.com.br\/loja\/wp-json\/wp\/v2\/product"}],"about":[{"href":"https:\/\/www.livrariarema.com.br\/loja\/wp-json\/wp\/v2\/types\/product"}],"replies":[{"embeddable":true,"href":"https:\/\/www.livrariarema.com.br\/loja\/wp-json\/wp\/v2\/comments?post=318483"}],"wp:featuredmedia":[{"embeddable":true,"href":"https:\/\/www.livrariarema.com.br\/loja\/wp-json\/wp\/v2\/media\/319020"}],"wp:attachment":[{"href":"https:\/\/www.livrariarema.com.br\/loja\/wp-json\/wp\/v2\/media?parent=318483"}],"wp:term":[{"taxonomy":"product_cat","embeddable":true,"href":"https:\/\/www.livrariarema.com.br\/loja\/wp-json\/wp\/v2\/product_cat?post=318483"},{"taxonomy":"product_tag","embeddable":true,"href":"https:\/\/www.livrariarema.com.br\/loja\/wp-json\/wp\/v2\/product_tag?post=318483"}],"curies":[{"name":"wp","href":"https:\/\/api.w.org\/{rel}","templated":true}]}}