{"id":318568,"date":"2024-10-07T13:11:44","date_gmt":"2024-10-07T16:11:44","guid":{"rendered":"https:\/\/www.livrariarema.com.br\/loja\/produtos\/sem categoria\/365-palavras-cruzadas-plus-volume-iv\/"},"modified":"2025-11-22T10:31:51","modified_gmt":"2025-11-22T13:31:51","slug":"365-palavras-cruzadas-plus-volume-iv","status":"publish","type":"product","link":"https:\/\/www.livrariarema.com.br\/loja\/produtos\/livros\/cruzadas-caca-palavras-jogos\/365-palavras-cruzadas-plus-volume-iv\/","title":{"rendered":"365 Palavras Cruzadas Plus &#8211; Volume Iv"},"content":{"rendered":"<p>Fazer palavras cruzadas \u00e9 uma forma criativa e divertida de desenvolver o racioc\u00ednio, deixar o pensamento mais \u00e1gil e enriquecer o vocabul\u00e1rio, al\u00e9m de voc\u00ea se manter atualizado sobre diversos assuntos.<\/p>\n","protected":false},"excerpt":{"rendered":"<p>Fazer palavras cruzadas \u00e9 uma forma criativa e divertida de desenvolver o racioc\u00ednio, deixar o pensamento mais \u00e1gil e enriquecer&hellip;<\/p>\n","protected":false},"featured_media":341165,"comment_status":"open","ping_status":"closed","template":"","meta":[],"product_cat":[338,134],"product_tag":[],"_links":{"self":[{"href":"https:\/\/www.livrariarema.com.br\/loja\/wp-json\/wp\/v2\/product\/318568"}],"collection":[{"href":"https:\/\/www.livrariarema.com.br\/loja\/wp-json\/wp\/v2\/product"}],"about":[{"href":"https:\/\/www.livrariarema.com.br\/loja\/wp-json\/wp\/v2\/types\/product"}],"replies":[{"embeddable":true,"href":"https:\/\/www.livrariarema.com.br\/loja\/wp-json\/wp\/v2\/comments?post=318568"}],"wp:featuredmedia":[{"embeddable":true,"href":"https:\/\/www.livrariarema.com.br\/loja\/wp-json\/wp\/v2\/media\/341165"}],"wp:attachment":[{"href":"https:\/\/www.livrariarema.com.br\/loja\/wp-json\/wp\/v2\/media?parent=318568"}],"wp:term":[{"taxonomy":"product_cat","embeddable":true,"href":"https:\/\/www.livrariarema.com.br\/loja\/wp-json\/wp\/v2\/product_cat?post=318568"},{"taxonomy":"product_tag","embeddable":true,"href":"https:\/\/www.livrariarema.com.br\/loja\/wp-json\/wp\/v2\/product_tag?post=318568"}],"curies":[{"name":"wp","href":"https:\/\/api.w.org\/{rel}","templated":true}]}}