{"id":318572,"date":"2024-10-07T13:11:58","date_gmt":"2024-10-07T16:11:58","guid":{"rendered":"https:\/\/www.livrariarema.com.br\/loja\/produtos\/sem categoria\/365-jogos-dos-sete-erros-desafios-incriveis-vol-1\/"},"modified":"2026-03-28T11:40:51","modified_gmt":"2026-03-28T14:40:51","slug":"365-jogos-dos-sete-erros-desafios-incriveis-vol-1","status":"publish","type":"product","link":"https:\/\/www.livrariarema.com.br\/loja\/produtos\/livros\/cruzadas-caca-palavras-jogos\/365-jogos-dos-sete-erros-desafios-incriveis-vol-1\/","title":{"rendered":"365 Jogos Dos Sete Erros &#8211; Desafios Incr\u00edveis &#8211; Vol. 1"},"content":{"rendered":"<p>Divirta-se com a fam\u00edlia e amigos encontrando os sete erros em cada uma das cenas. Quem consegue encontrar os erros mais r\u00e1pido? Um livro que estimula a percep\u00e7\u00e3o visual, o desenvolvimento da aten\u00e7\u00e3o e associa\u00e7\u00e3o de figuras.<\/p>\n","protected":false},"excerpt":{"rendered":"<p>Divirta-se com a fam\u00edlia e amigos encontrando os sete erros em cada uma das cenas. Quem consegue encontrar os erros&hellip;<\/p>\n","protected":false},"featured_media":341376,"comment_status":"open","ping_status":"closed","template":"","meta":[],"product_cat":[338,134],"product_tag":[],"_links":{"self":[{"href":"https:\/\/www.livrariarema.com.br\/loja\/wp-json\/wp\/v2\/product\/318572"}],"collection":[{"href":"https:\/\/www.livrariarema.com.br\/loja\/wp-json\/wp\/v2\/product"}],"about":[{"href":"https:\/\/www.livrariarema.com.br\/loja\/wp-json\/wp\/v2\/types\/product"}],"replies":[{"embeddable":true,"href":"https:\/\/www.livrariarema.com.br\/loja\/wp-json\/wp\/v2\/comments?post=318572"}],"wp:featuredmedia":[{"embeddable":true,"href":"https:\/\/www.livrariarema.com.br\/loja\/wp-json\/wp\/v2\/media\/341376"}],"wp:attachment":[{"href":"https:\/\/www.livrariarema.com.br\/loja\/wp-json\/wp\/v2\/media?parent=318572"}],"wp:term":[{"taxonomy":"product_cat","embeddable":true,"href":"https:\/\/www.livrariarema.com.br\/loja\/wp-json\/wp\/v2\/product_cat?post=318572"},{"taxonomy":"product_tag","embeddable":true,"href":"https:\/\/www.livrariarema.com.br\/loja\/wp-json\/wp\/v2\/product_tag?post=318572"}],"curies":[{"name":"wp","href":"https:\/\/api.w.org\/{rel}","templated":true}]}}