{"id":318576,"date":"2024-10-07T13:12:13","date_gmt":"2024-10-07T16:12:13","guid":{"rendered":"https:\/\/www.livrariarema.com.br\/loja\/produtos\/sem categoria\/365-cruzadas-diretas-nivel-medio-ii\/"},"modified":"2026-03-13T15:12:29","modified_gmt":"2026-03-13T18:12:29","slug":"365-cruzadas-diretas-nivel-medio-ii","status":"publish","type":"product","link":"https:\/\/www.livrariarema.com.br\/loja\/produtos\/livros\/cruzadas-caca-palavras-jogos\/365-cruzadas-diretas-nivel-medio-ii\/","title":{"rendered":"365 Cruzadas Diretas &#8211; N\u00edvel M\u00e9dio Ii"},"content":{"rendered":"<p>Fazer palavras cruzadas \u00e9 uma forma criativa e divertida de desenvolver o racioc\u00ednio, deixar o pensamento \u00e1gil, al\u00e9m de se atualizar sobre diversos assuntos e enriquecer o vocabul\u00e1rio. Este livro cont\u00e9m365 cruzadas de n\u00edvel m\u00e9dio de dificuldade para v\u00e1rias horas de entretenimento.<\/p>\n","protected":false},"excerpt":{"rendered":"<p>Fazer palavras cruzadas \u00e9 uma forma criativa e divertida de desenvolver o racioc\u00ednio, deixar o pensamento \u00e1gil, al\u00e9m de se&hellip;<\/p>\n","protected":false},"featured_media":341378,"comment_status":"open","ping_status":"closed","template":"","meta":[],"product_cat":[338,134],"product_tag":[],"_links":{"self":[{"href":"https:\/\/www.livrariarema.com.br\/loja\/wp-json\/wp\/v2\/product\/318576"}],"collection":[{"href":"https:\/\/www.livrariarema.com.br\/loja\/wp-json\/wp\/v2\/product"}],"about":[{"href":"https:\/\/www.livrariarema.com.br\/loja\/wp-json\/wp\/v2\/types\/product"}],"replies":[{"embeddable":true,"href":"https:\/\/www.livrariarema.com.br\/loja\/wp-json\/wp\/v2\/comments?post=318576"}],"wp:featuredmedia":[{"embeddable":true,"href":"https:\/\/www.livrariarema.com.br\/loja\/wp-json\/wp\/v2\/media\/341378"}],"wp:attachment":[{"href":"https:\/\/www.livrariarema.com.br\/loja\/wp-json\/wp\/v2\/media?parent=318576"}],"wp:term":[{"taxonomy":"product_cat","embeddable":true,"href":"https:\/\/www.livrariarema.com.br\/loja\/wp-json\/wp\/v2\/product_cat?post=318576"},{"taxonomy":"product_tag","embeddable":true,"href":"https:\/\/www.livrariarema.com.br\/loja\/wp-json\/wp\/v2\/product_tag?post=318576"}],"curies":[{"name":"wp","href":"https:\/\/api.w.org\/{rel}","templated":true}]}}