{"id":318778,"date":"2024-10-07T14:21:58","date_gmt":"2024-10-07T17:21:58","guid":{"rendered":"https:\/\/www.livrariarema.com.br\/loja\/produtos\/sem categoria\/cenario-animado-o-nascimento-de-jesus\/"},"modified":"2025-12-12T10:30:51","modified_gmt":"2025-12-12T13:30:51","slug":"cenario-animado-o-nascimento-de-jesus","status":"publish","type":"product","link":"https:\/\/www.livrariarema.com.br\/loja\/produtos\/livros\/infantil\/cenario-animado-o-nascimento-de-jesus\/","title":{"rendered":"Cen\u00e1rio Animado &#8211; O Nascimento De Jesus"},"content":{"rendered":"<p>Encante-se com a hist\u00f3ria do nascimento de Jesus. Leia, monte o cen\u00e1rio e brinque com os quatro personagens.<\/p>\n","protected":false},"excerpt":{"rendered":"<p>Encante-se com a hist\u00f3ria do nascimento de Jesus. Leia, monte o cen\u00e1rio e brinque com os quatro personagens.<\/p>\n","protected":false},"featured_media":341396,"comment_status":"open","ping_status":"closed","template":"","meta":[],"product_cat":[144,134],"product_tag":[],"_links":{"self":[{"href":"https:\/\/www.livrariarema.com.br\/loja\/wp-json\/wp\/v2\/product\/318778"}],"collection":[{"href":"https:\/\/www.livrariarema.com.br\/loja\/wp-json\/wp\/v2\/product"}],"about":[{"href":"https:\/\/www.livrariarema.com.br\/loja\/wp-json\/wp\/v2\/types\/product"}],"replies":[{"embeddable":true,"href":"https:\/\/www.livrariarema.com.br\/loja\/wp-json\/wp\/v2\/comments?post=318778"}],"wp:featuredmedia":[{"embeddable":true,"href":"https:\/\/www.livrariarema.com.br\/loja\/wp-json\/wp\/v2\/media\/341396"}],"wp:attachment":[{"href":"https:\/\/www.livrariarema.com.br\/loja\/wp-json\/wp\/v2\/media?parent=318778"}],"wp:term":[{"taxonomy":"product_cat","embeddable":true,"href":"https:\/\/www.livrariarema.com.br\/loja\/wp-json\/wp\/v2\/product_cat?post=318778"},{"taxonomy":"product_tag","embeddable":true,"href":"https:\/\/www.livrariarema.com.br\/loja\/wp-json\/wp\/v2\/product_tag?post=318778"}],"curies":[{"name":"wp","href":"https:\/\/api.w.org\/{rel}","templated":true}]}}