{"id":318875,"date":"2024-10-08T09:58:07","date_gmt":"2024-10-08T12:58:07","guid":{"rendered":"https:\/\/www.livrariarema.com.br\/loja\/produtos\/sem%20categoria\/livro-cartonado-ovelha-rosa-e-seus-amigos\/"},"modified":"2026-02-20T15:00:51","modified_gmt":"2026-02-20T18:00:51","slug":"livro-cartonado-ovelha-rosa-e-seus-amigos","status":"publish","type":"product","link":"https:\/\/www.livrariarema.com.br\/loja\/produtos\/livros\/infantil\/livro-cartonado-ovelha-rosa-e-seus-amigos\/","title":{"rendered":"Cartonado &#8211; Ovelha Rosa E Seus Amigos"},"content":{"rendered":"<p>Venha conhecer a Ovelha Rosa, uma ovelhinha que se sentia muito diferente da pr\u00f3pria fam\u00edlia e de outros animais. Vire as p\u00e1ginas deste livro para acompanhar a hist\u00f3ria e divirta-se descobrindo o que h\u00e1 dentro das abas.<\/p>\n","protected":false},"excerpt":{"rendered":"<p>Venha conhecer a Ovelha Rosa, uma ovelhinha que se sentia muito diferente da pr\u00f3pria fam\u00edlia e de outros animais. Vire&hellip;<\/p>\n","protected":false},"featured_media":335814,"comment_status":"open","ping_status":"closed","template":"","meta":[],"product_cat":[144,134],"product_tag":[],"_links":{"self":[{"href":"https:\/\/www.livrariarema.com.br\/loja\/wp-json\/wp\/v2\/product\/318875"}],"collection":[{"href":"https:\/\/www.livrariarema.com.br\/loja\/wp-json\/wp\/v2\/product"}],"about":[{"href":"https:\/\/www.livrariarema.com.br\/loja\/wp-json\/wp\/v2\/types\/product"}],"replies":[{"embeddable":true,"href":"https:\/\/www.livrariarema.com.br\/loja\/wp-json\/wp\/v2\/comments?post=318875"}],"wp:featuredmedia":[{"embeddable":true,"href":"https:\/\/www.livrariarema.com.br\/loja\/wp-json\/wp\/v2\/media\/335814"}],"wp:attachment":[{"href":"https:\/\/www.livrariarema.com.br\/loja\/wp-json\/wp\/v2\/media?parent=318875"}],"wp:term":[{"taxonomy":"product_cat","embeddable":true,"href":"https:\/\/www.livrariarema.com.br\/loja\/wp-json\/wp\/v2\/product_cat?post=318875"},{"taxonomy":"product_tag","embeddable":true,"href":"https:\/\/www.livrariarema.com.br\/loja\/wp-json\/wp\/v2\/product_tag?post=318875"}],"curies":[{"name":"wp","href":"https:\/\/api.w.org\/{rel}","templated":true}]}}