{"id":319031,"date":"2024-10-09T09:46:20","date_gmt":"2024-10-09T12:46:20","guid":{"rendered":"https:\/\/www.livrariarema.com.br\/loja\/produtos\/sem%20categoria\/principe-contador-de-historias-o-ellen-pestili\/"},"modified":"2026-02-26T14:04:20","modified_gmt":"2026-02-26T17:04:20","slug":"principe-contador-de-historias-o-ellen-pestili","status":"publish","type":"product","link":"https:\/\/www.livrariarema.com.br\/loja\/produtos\/livros\/infantil\/principe-contador-de-historias-o-ellen-pestili\/","title":{"rendered":"Pr\u00edncipe Contador De Hist\u00f3rias, O &#8211; Ellen Pestili"},"content":{"rendered":"<p>Prepare-se para conhecer um pr\u00edncipe diferente, que n\u00e3o usa coroa nem espada, mas cuja chegada transforma vidas e aquece cora\u00e7\u00f5es. Suas roupas s\u00e3o simples, seus caminhos humildes, mas suas palavras. Ah, suas palavras s\u00e3o joias raras, repletas de sabedoria e amor.<\/p>\n<p>Neste encantador livro ilustrado, a escritora e ilustradora Ellen Pestili seleciona e reconta as par\u00e1bolas de Jesus, de forma simples e cativante, para tocar o cora\u00e7\u00e3o de crian\u00e7as e adultos. &#8220;A ovelha perdida&#8221;, &#8220;O semeador&#8221;, &#8220;O bom samaritano&#8221;, &#8220;O credor sem compaix\u00e3o&#8221; e &#8220;O filho pr\u00f3digo&#8221; ganham vida nova, revelando li\u00e7\u00f5es profundas sobre perd\u00e3o, compaix\u00e3o e f\u00e9.<\/p>\n","protected":false},"excerpt":{"rendered":"<p>Prepare-se para conhecer um pr\u00edncipe diferente, que n\u00e3o usa coroa nem espada, mas cuja chegada transforma vidas e aquece cora\u00e7\u00f5es.&hellip;<\/p>\n","protected":false},"featured_media":345506,"comment_status":"open","ping_status":"closed","template":"","meta":[],"product_cat":[144,134],"product_tag":[],"_links":{"self":[{"href":"https:\/\/www.livrariarema.com.br\/loja\/wp-json\/wp\/v2\/product\/319031"}],"collection":[{"href":"https:\/\/www.livrariarema.com.br\/loja\/wp-json\/wp\/v2\/product"}],"about":[{"href":"https:\/\/www.livrariarema.com.br\/loja\/wp-json\/wp\/v2\/types\/product"}],"replies":[{"embeddable":true,"href":"https:\/\/www.livrariarema.com.br\/loja\/wp-json\/wp\/v2\/comments?post=319031"}],"wp:featuredmedia":[{"embeddable":true,"href":"https:\/\/www.livrariarema.com.br\/loja\/wp-json\/wp\/v2\/media\/345506"}],"wp:attachment":[{"href":"https:\/\/www.livrariarema.com.br\/loja\/wp-json\/wp\/v2\/media?parent=319031"}],"wp:term":[{"taxonomy":"product_cat","embeddable":true,"href":"https:\/\/www.livrariarema.com.br\/loja\/wp-json\/wp\/v2\/product_cat?post=319031"},{"taxonomy":"product_tag","embeddable":true,"href":"https:\/\/www.livrariarema.com.br\/loja\/wp-json\/wp\/v2\/product_tag?post=319031"}],"curies":[{"name":"wp","href":"https:\/\/api.w.org\/{rel}","templated":true}]}}