{"id":319051,"date":"2024-10-09T09:48:59","date_gmt":"2024-10-09T12:48:59","guid":{"rendered":"https:\/\/www.livrariarema.com.br\/loja\/produtos\/sem categoria\/guerreiro-o-bau-e-o-caminho-o-lilo-viana\/"},"modified":"2026-02-24T17:25:07","modified_gmt":"2026-02-24T20:25:07","slug":"guerreiro-o-bau-e-o-caminho-o-lilo-viana","status":"publish","type":"product","link":"https:\/\/www.livrariarema.com.br\/loja\/produtos\/livros\/manga-hq\/guerreiro-o-bau-e-o-caminho-o-lilo-viana\/","title":{"rendered":"Guerreiro, O Ba\u00fa E O Caminho, O &#8211; Lilo Viana"},"content":{"rendered":"<p>Um guerreiro percorre um longo e solit\u00e1rio caminho, repleto de perigos e obst\u00e1culos, enquanto arrasta um pesado ba\u00fa. Quais segredos o ba\u00fa esconde? Por que o guerreiro insiste em carreg\u00e1-lo? Aonde ele quer chegar? Nesta intrigante hist\u00f3ria em quadrinhos, Lilo Viana retrata batalhas que todos lutamos e aponta para o \u00fanico caminho poss\u00edvel para venc\u00ea-las.<\/p>\n","protected":false},"excerpt":{"rendered":"<p>Um guerreiro percorre um longo e solit\u00e1rio caminho, repleto de perigos e obst\u00e1culos, enquanto arrasta um pesado ba\u00fa. Quais segredos&hellip;<\/p>\n","protected":false},"featured_media":345414,"comment_status":"open","ping_status":"closed","template":"","meta":[],"product_cat":[134,189],"product_tag":[],"_links":{"self":[{"href":"https:\/\/www.livrariarema.com.br\/loja\/wp-json\/wp\/v2\/product\/319051"}],"collection":[{"href":"https:\/\/www.livrariarema.com.br\/loja\/wp-json\/wp\/v2\/product"}],"about":[{"href":"https:\/\/www.livrariarema.com.br\/loja\/wp-json\/wp\/v2\/types\/product"}],"replies":[{"embeddable":true,"href":"https:\/\/www.livrariarema.com.br\/loja\/wp-json\/wp\/v2\/comments?post=319051"}],"wp:featuredmedia":[{"embeddable":true,"href":"https:\/\/www.livrariarema.com.br\/loja\/wp-json\/wp\/v2\/media\/345414"}],"wp:attachment":[{"href":"https:\/\/www.livrariarema.com.br\/loja\/wp-json\/wp\/v2\/media?parent=319051"}],"wp:term":[{"taxonomy":"product_cat","embeddable":true,"href":"https:\/\/www.livrariarema.com.br\/loja\/wp-json\/wp\/v2\/product_cat?post=319051"},{"taxonomy":"product_tag","embeddable":true,"href":"https:\/\/www.livrariarema.com.br\/loja\/wp-json\/wp\/v2\/product_tag?post=319051"}],"curies":[{"name":"wp","href":"https:\/\/api.w.org\/{rel}","templated":true}]}}