{"id":319387,"date":"2024-10-10T13:57:15","date_gmt":"2024-10-10T16:57:15","guid":{"rendered":"https:\/\/www.livrariarema.com.br\/loja\/produtos\/sem%20categoria\/que-acontece-a-seguir-o-max-lucado\/"},"modified":"2026-01-28T14:48:02","modified_gmt":"2026-01-28T17:48:02","slug":"que-acontece-a-seguir-o-max-lucado","status":"publish","type":"product","link":"https:\/\/www.livrariarema.com.br\/loja\/produtos\/livros\/vida-crista\/que-acontece-a-seguir-o-max-lucado\/","title":{"rendered":"Que Acontece A Seguir, O &#8211; Max Lucado"},"content":{"rendered":"<p>ESTEJA PREPARADO, N\u00c3O ASSUSTADO<\/p>\n<p>Muitos crist\u00e3os sentem um frio na espinha quando ouvem falar do fim dos tempos. Mas, acredite, isso n\u00e3o \u00e9 necess\u00e1rio! Em contraste com a confus\u00e3o e a ansiedade que geralmente acompanhamo tema, Max Lucado defende que Deus quer que estejamos preparados, n\u00e3o assustados; informados, n\u00e3o intimidados. Afinal, o futuro n\u00e3o \u00e9 assustador se voc\u00ea o conhece &#8211; e, especialmente, se voc\u00ea conhece quem o controla.O que acontece a seguir? \u00e9 um guia esperan\u00e7oso e nada sensacionalista sobre o que a B\u00edblia diz a respeito da linha do tempo do c\u00e9u. <br \/>\nMax apresenta um panorama bem fundamentado do que a Palavra ensina sobre o fim dos tempos, explorando quatro grandes ideias que fornecem uma base s\u00f3lida para a compreens\u00e3o do plano eterno de Deus:<br \/>\n&#8211; Fomos criados para reinar com Cristo.<br \/>\n&#8211; Deus manter\u00e1 suas promessas.<br \/>\n&#8211; O c\u00e9u tem uma linha do tempo.<br \/>\n&#8211; Uma era de ouro &#8211; o mil\u00eanio &#8211; aguarda os filhos de Deus.Al\u00e9m disso, Max leva voc\u00ea a uma jornada cronol\u00f3gica que examina marcos essenciais como o arrebatamento, a tribula\u00e7\u00e3o e a gl\u00f3ria do c\u00e9u. <\/p>\n<p>Quer voc\u00ea pense &#8220;mal posso esperar&#8221; ou &#8220;n\u00e3o tenho certeza sobre tudo isso&#8221;, Max o incentivar\u00e1 a conhecer e a confiar nas promessas de Deus para o futuro. Como ele escreve: &#8220;Esperan\u00e7a \u00e9 tudo. Deus \u00e9 tudo&#8221;.<\/p>\n","protected":false},"excerpt":{"rendered":"<p>ESTEJA PREPARADO, N\u00c3O ASSUSTADO Muitos crist\u00e3os sentem um frio na espinha quando ouvem falar do fim dos tempos. Mas, acredite,&hellip;<\/p>\n","protected":false},"featured_media":343325,"comment_status":"open","ping_status":"closed","template":"","meta":[],"product_cat":[134,137],"product_tag":[],"_links":{"self":[{"href":"https:\/\/www.livrariarema.com.br\/loja\/wp-json\/wp\/v2\/product\/319387"}],"collection":[{"href":"https:\/\/www.livrariarema.com.br\/loja\/wp-json\/wp\/v2\/product"}],"about":[{"href":"https:\/\/www.livrariarema.com.br\/loja\/wp-json\/wp\/v2\/types\/product"}],"replies":[{"embeddable":true,"href":"https:\/\/www.livrariarema.com.br\/loja\/wp-json\/wp\/v2\/comments?post=319387"}],"wp:featuredmedia":[{"embeddable":true,"href":"https:\/\/www.livrariarema.com.br\/loja\/wp-json\/wp\/v2\/media\/343325"}],"wp:attachment":[{"href":"https:\/\/www.livrariarema.com.br\/loja\/wp-json\/wp\/v2\/media?parent=319387"}],"wp:term":[{"taxonomy":"product_cat","embeddable":true,"href":"https:\/\/www.livrariarema.com.br\/loja\/wp-json\/wp\/v2\/product_cat?post=319387"},{"taxonomy":"product_tag","embeddable":true,"href":"https:\/\/www.livrariarema.com.br\/loja\/wp-json\/wp\/v2\/product_tag?post=319387"}],"curies":[{"name":"wp","href":"https:\/\/api.w.org\/{rel}","templated":true}]}}