{"id":319389,"date":"2024-10-10T13:57:21","date_gmt":"2024-10-10T16:57:21","guid":{"rendered":"https:\/\/www.livrariarema.com.br\/loja\/produtos\/sem categoria\/joias-fatais-colleen-coble\/"},"modified":"2025-09-30T12:29:16","modified_gmt":"2025-09-30T15:29:16","slug":"joias-fatais-colleen-coble","status":"publish","type":"product","link":"https:\/\/www.livrariarema.com.br\/loja\/produtos\/livros\/ficcao\/joias-fatais-colleen-coble\/","title":{"rendered":"Joias Fatais &#8211; Colleen Coble"},"content":{"rendered":"<p>Carly Harris sempre foi fascinada por antiguidades, mas nunca imaginou que um dos misteriosos e valiosos ovos Faberg\u00e9 perdidos, o lend\u00e1rio Galinha com o Pendente de Safira, pudesse parar em suas m\u00e3os. Ao descobrir a joia hist\u00f3rica entre os pertences de sua falecida bisav\u00f3, ela pede a ajuda de Lucas Bennett, seu vizinho e detetive de homic\u00eddios, para ajudar a desvendar esse mist\u00e9rio. \u00c0 medida que investigam, eles se veem mergulhados em uma teia de segredos, trai\u00e7\u00f5es e perigos que amea\u00e7am a vida de todos ao seu redor.<\/p>\n<p>Enquanto lutam para proteger seus entes queridos e desvendar a verdade por tr\u00e1s do ovo, Carly e Lucas percebem que podem ter encontrado algo mais precioso do que qualquer joia. No entanto, \u00e9 apenas uma quest\u00e3o de tempo at\u00e9 que Carly &#8211; ou, pior, algu\u00e9m que ela ama &#8211; se machuque.<\/p>\n","protected":false},"excerpt":{"rendered":"<p>Carly Harris sempre foi fascinada por antiguidades, mas nunca imaginou que um dos misteriosos e valiosos ovos Faberg\u00e9 perdidos, o&hellip;<\/p>\n","protected":false},"featured_media":338974,"comment_status":"open","ping_status":"closed","template":"","meta":[],"product_cat":[162,134],"product_tag":[],"_links":{"self":[{"href":"https:\/\/www.livrariarema.com.br\/loja\/wp-json\/wp\/v2\/product\/319389"}],"collection":[{"href":"https:\/\/www.livrariarema.com.br\/loja\/wp-json\/wp\/v2\/product"}],"about":[{"href":"https:\/\/www.livrariarema.com.br\/loja\/wp-json\/wp\/v2\/types\/product"}],"replies":[{"embeddable":true,"href":"https:\/\/www.livrariarema.com.br\/loja\/wp-json\/wp\/v2\/comments?post=319389"}],"wp:featuredmedia":[{"embeddable":true,"href":"https:\/\/www.livrariarema.com.br\/loja\/wp-json\/wp\/v2\/media\/338974"}],"wp:attachment":[{"href":"https:\/\/www.livrariarema.com.br\/loja\/wp-json\/wp\/v2\/media?parent=319389"}],"wp:term":[{"taxonomy":"product_cat","embeddable":true,"href":"https:\/\/www.livrariarema.com.br\/loja\/wp-json\/wp\/v2\/product_cat?post=319389"},{"taxonomy":"product_tag","embeddable":true,"href":"https:\/\/www.livrariarema.com.br\/loja\/wp-json\/wp\/v2\/product_tag?post=319389"}],"curies":[{"name":"wp","href":"https:\/\/api.w.org\/{rel}","templated":true}]}}