{"id":319447,"date":"2024-10-10T14:02:00","date_gmt":"2024-10-10T17:02:00","guid":{"rendered":"https:\/\/www.livrariarema.com.br\/loja\/produtos\/sem categoria\/click-sem-bait-kaiky-fernandez\/"},"modified":"2026-02-24T12:20:05","modified_gmt":"2026-02-24T15:20:05","slug":"click-sem-bait-kaiky-fernandez","status":"publish","type":"product","link":"https:\/\/www.livrariarema.com.br\/loja\/produtos\/promocao\/livros-promocao\/click-sem-bait-kaiky-fernandez\/","title":{"rendered":"Click Sem Bait &#8211; Kaiky Fernandez"},"content":{"rendered":"<p>Clickbait: pr\u00e1tica que busca gerar interesse por produto ou servi\u00e7o por meio de mensagens sensacionalistas e enganosas.<\/p>\n<p>Como os crist\u00e3os podem atuar em uma \u00e1rea que, muitas vezes, pressup\u00f5e uma mentalidade t\u00e3o individualista? De que forma a \u00e9tica b\u00edblica pode nos ajudar a transformar o marketing em algo que glorifique a Deus e reconhe\u00e7a a dignidade do pr\u00f3ximo? Como produtores de conte\u00fado e influenciadores podem atuar de forma mais \u00e9tica no ambiente digital?<\/p>\n<p>Em Click sem bait, Kaiky Fernandez busca responder a essas perguntas, mas sem a inten\u00e7\u00e3o de ensinar aos leitores como criar um planejamento estrat\u00e9gico ou como obter mais visualiza\u00e7\u00f5es em seus perfis nas m\u00eddias sociais. A ideia aqui \u00e9 dar um passo atr\u00e1s e buscar entender como a \u00e9tica b\u00edblica deve moldar a conduta dos crist\u00e3os que atuam nas \u00e1reas do marketing e da comunica\u00e7\u00e3o. Em resumo, este livro analisa o marketing \u00e0 luz do evangelho e mostra como essa \u00e1rea pode servir ao pr\u00f3ximo, promover o bem comum e apontar para a reden\u00e7\u00e3o em Cristo.<\/p>\n","protected":false},"excerpt":{"rendered":"<p>Clickbait: pr\u00e1tica que busca gerar interesse por produto ou servi\u00e7o por meio de mensagens sensacionalistas e enganosas. Como os crist\u00e3os&hellip;<\/p>\n","protected":false},"featured_media":345283,"comment_status":"open","ping_status":"closed","template":"","meta":[],"product_cat":[143,142],"product_tag":[],"_links":{"self":[{"href":"https:\/\/www.livrariarema.com.br\/loja\/wp-json\/wp\/v2\/product\/319447"}],"collection":[{"href":"https:\/\/www.livrariarema.com.br\/loja\/wp-json\/wp\/v2\/product"}],"about":[{"href":"https:\/\/www.livrariarema.com.br\/loja\/wp-json\/wp\/v2\/types\/product"}],"replies":[{"embeddable":true,"href":"https:\/\/www.livrariarema.com.br\/loja\/wp-json\/wp\/v2\/comments?post=319447"}],"wp:featuredmedia":[{"embeddable":true,"href":"https:\/\/www.livrariarema.com.br\/loja\/wp-json\/wp\/v2\/media\/345283"}],"wp:attachment":[{"href":"https:\/\/www.livrariarema.com.br\/loja\/wp-json\/wp\/v2\/media?parent=319447"}],"wp:term":[{"taxonomy":"product_cat","embeddable":true,"href":"https:\/\/www.livrariarema.com.br\/loja\/wp-json\/wp\/v2\/product_cat?post=319447"},{"taxonomy":"product_tag","embeddable":true,"href":"https:\/\/www.livrariarema.com.br\/loja\/wp-json\/wp\/v2\/product_tag?post=319447"}],"curies":[{"name":"wp","href":"https:\/\/api.w.org\/{rel}","templated":true}]}}