{"id":319479,"date":"2024-10-10T14:04:17","date_gmt":"2024-10-10T17:04:17","guid":{"rendered":"https:\/\/www.livrariarema.com.br\/loja\/produtos\/sem categoria\/biblia-nvi-slim-couro-soft-letra-grande-luxo-marrom-barroca\/"},"modified":"2026-04-22T17:11:47","modified_gmt":"2026-04-22T20:11:47","slug":"biblia-nvi-slim-couro-soft-letra-grande-luxo-marrom-barroca","status":"publish","type":"product","link":"https:\/\/www.livrariarema.com.br\/loja\/produtos\/biblias\/nvi\/biblia-nvi-slim-couro-soft-letra-grande-luxo-marrom-barroca\/","title":{"rendered":"B\u00edblia &#8211; Nvi &#8211; Slim &#8211; Couro Soft &#8211; Letra Grande &#8211; Luxo &#8211; Marrom &#8211; Barroca"},"content":{"rendered":"<p>A B\u00edblia Slim NVI, Letra Grande, Couro-soft marrom, Luxo, Barroca combina os benef\u00edcios de uma B\u00edblia compacta com a qualidade Thomas Nelson Brasil. Ela oferece uma leitura confort\u00e1vel, facilidade no manuseio, toque macio na capa e acabamento luxo.  <\/p>\n<p>Caracter\u00edsticas:<br \/>\nTexto na tradu\u00e7\u00e3o NVI (Nova Vers\u00e3o Internacional)<br \/>\nLetra grande<br \/>\nCapa em Couro-soft (PU)<br \/>\nTrilateral dourada<br \/>\nAplica\u00e7\u00e3o de hotstamp<br \/>\nFitilho colorido<\/p>\n","protected":false},"excerpt":{"rendered":"<p>A B\u00edblia Slim NVI, Letra Grande, Couro-soft marrom, Luxo, Barroca combina os benef\u00edcios de uma B\u00edblia compacta com a qualidade&hellip;<\/p>\n","protected":false},"featured_media":347072,"comment_status":"open","ping_status":"closed","template":"","meta":[],"product_cat":[139,166],"product_tag":[],"_links":{"self":[{"href":"https:\/\/www.livrariarema.com.br\/loja\/wp-json\/wp\/v2\/product\/319479"}],"collection":[{"href":"https:\/\/www.livrariarema.com.br\/loja\/wp-json\/wp\/v2\/product"}],"about":[{"href":"https:\/\/www.livrariarema.com.br\/loja\/wp-json\/wp\/v2\/types\/product"}],"replies":[{"embeddable":true,"href":"https:\/\/www.livrariarema.com.br\/loja\/wp-json\/wp\/v2\/comments?post=319479"}],"wp:featuredmedia":[{"embeddable":true,"href":"https:\/\/www.livrariarema.com.br\/loja\/wp-json\/wp\/v2\/media\/347072"}],"wp:attachment":[{"href":"https:\/\/www.livrariarema.com.br\/loja\/wp-json\/wp\/v2\/media?parent=319479"}],"wp:term":[{"taxonomy":"product_cat","embeddable":true,"href":"https:\/\/www.livrariarema.com.br\/loja\/wp-json\/wp\/v2\/product_cat?post=319479"},{"taxonomy":"product_tag","embeddable":true,"href":"https:\/\/www.livrariarema.com.br\/loja\/wp-json\/wp\/v2\/product_tag?post=319479"}],"curies":[{"name":"wp","href":"https:\/\/api.w.org\/{rel}","templated":true}]}}