{"id":320049,"date":"2024-10-14T17:42:28","date_gmt":"2024-10-14T20:42:28","guid":{"rendered":"https:\/\/www.livrariarema.com.br\/loja\/produtos\/sem categoria\/desafios-da-lideranca-crista-john-stott\/"},"modified":"2025-09-29T16:39:09","modified_gmt":"2025-09-29T19:39:09","slug":"desafios-da-lideranca-crista-john-stott","status":"publish","type":"product","link":"https:\/\/www.livrariarema.com.br\/loja\/produtos\/livros\/lideranca\/desafios-da-lideranca-crista-john-stott\/","title":{"rendered":"Desafios Da Lideran\u00e7a Crist\u00e3 &#8211; John Stott"},"content":{"rendered":"<p>Desafios da Lideran\u00e7a Crist\u00e3 responde algumas quest\u00f5es essenciais para os l\u00edderes crist\u00e3os: como perseverar sob press\u00e3o, como manter o frescor espiritual, como lidar com as pessoas e como ser l\u00edder quando se \u00e9 relativamente jovem.<br \/>\nUm raro livro sobre lideran\u00e7a de leitura f\u00e1cil e profunda, devocional e pr\u00e1tico. E, melhor, escrito por dos mais not\u00e1veis e reconhecidos l\u00edderes do s\u00e9culo 20.<br \/>\nAs press\u00f5es sobre os l\u00edderes crist\u00e3os s\u00e3o intensas e muitas vezes implac\u00e1veis. H\u00e1 tamb\u00e9m as frustra\u00e7\u00f5es do trabalho. L\u00edderes nem sempre vivem de acordo com o que prometem. Alguns at\u00e9 se afastam.<br \/>\nAl\u00e9m disso, existem as tenta\u00e7\u00f5es pessoais que o Diabo usa para atacar o l\u00edder, e h\u00e1 a solid\u00e3o que sentimos quando estamos no topo. Todos estes problemas podem levar-nos ao des\u00e2nimo. Na verdade, o des\u00e2nimo \u00e9 o maior risco ocupacional de um crist\u00e3o.` &#8211; John Stott<\/p>\n","protected":false},"excerpt":{"rendered":"<p>Desafios da Lideran\u00e7a Crist\u00e3 responde algumas quest\u00f5es essenciais para os l\u00edderes crist\u00e3os: como perseverar sob press\u00e3o, como manter o frescor&hellip;<\/p>\n","protected":false},"featured_media":338722,"comment_status":"open","ping_status":"closed","template":"","meta":[],"product_cat":[153,134],"product_tag":[],"_links":{"self":[{"href":"https:\/\/www.livrariarema.com.br\/loja\/wp-json\/wp\/v2\/product\/320049"}],"collection":[{"href":"https:\/\/www.livrariarema.com.br\/loja\/wp-json\/wp\/v2\/product"}],"about":[{"href":"https:\/\/www.livrariarema.com.br\/loja\/wp-json\/wp\/v2\/types\/product"}],"replies":[{"embeddable":true,"href":"https:\/\/www.livrariarema.com.br\/loja\/wp-json\/wp\/v2\/comments?post=320049"}],"wp:featuredmedia":[{"embeddable":true,"href":"https:\/\/www.livrariarema.com.br\/loja\/wp-json\/wp\/v2\/media\/338722"}],"wp:attachment":[{"href":"https:\/\/www.livrariarema.com.br\/loja\/wp-json\/wp\/v2\/media?parent=320049"}],"wp:term":[{"taxonomy":"product_cat","embeddable":true,"href":"https:\/\/www.livrariarema.com.br\/loja\/wp-json\/wp\/v2\/product_cat?post=320049"},{"taxonomy":"product_tag","embeddable":true,"href":"https:\/\/www.livrariarema.com.br\/loja\/wp-json\/wp\/v2\/product_tag?post=320049"}],"curies":[{"name":"wp","href":"https:\/\/api.w.org\/{rel}","templated":true}]}}