{"id":320055,"date":"2024-10-14T17:42:56","date_gmt":"2024-10-14T20:42:56","guid":{"rendered":"https:\/\/www.livrariarema.com.br\/loja\/produtos\/sem categoria\/os-ultimos-dias-de-jesus-n-t-wright-e-craig-a-evans\/"},"modified":"2026-04-13T08:30:34","modified_gmt":"2026-04-13T11:30:34","slug":"os-ultimos-dias-de-jesus-n-t-wright-e-craig-a-evans","status":"publish","type":"product","link":"https:\/\/www.livrariarema.com.br\/loja\/produtos\/livros\/teologia\/os-ultimos-dias-de-jesus-n-t-wright-e-craig-a-evans\/","title":{"rendered":"Os \u00daltimos Dias De Jesus &#8211; N. T. Wright E Craig A. Evans"},"content":{"rendered":"<p>Ele ressuscitou mesmo?<br \/>\nAntes disso: Ele morreu? <br \/>\nFoi sepultado?<\/p>\n<p>O elemento da f\u00e9 crist\u00e3 que mais levanta d\u00favidas e sofre ataques com mais frequ\u00eancia \u00e9 a cren\u00e7a na ressurrei\u00e7\u00e3o. Tamb\u00e9m s\u00e3o comuns as obje\u00e7\u00f5es contra a realidade hist\u00f3rica da morte e do sepultamento de Jesus.<\/p>\n<p>Os \u00daltimos Dias de Jesus trata desses tr\u00eas elementos essenciais, que resumem grande parte das declara\u00e7\u00f5es mais antigas da f\u00e9 crist\u00e3: a morte, o sepultamento e a ressurrei\u00e7\u00e3o de Jesus.<\/p>\n<p>Para N. T. Wright e Craig A. Evans, tais elementos n\u00e3o s\u00e3o meras ideias teol\u00f3gicas. Eles apresentam um relato fascinante desses eventos na vida de Jesus, bem como o exame de teorias, descobertas, alega\u00e7\u00f5es existentes e sua credibilidade hist\u00f3rica.<\/p>\n","protected":false},"excerpt":{"rendered":"<p>Ele ressuscitou mesmo? Antes disso: Ele morreu? Foi sepultado? O elemento da f\u00e9 crist\u00e3 que mais levanta d\u00favidas e sofre&hellip;<\/p>\n","protected":false},"featured_media":336641,"comment_status":"open","ping_status":"closed","template":"","meta":[],"product_cat":[134,136],"product_tag":[],"_links":{"self":[{"href":"https:\/\/www.livrariarema.com.br\/loja\/wp-json\/wp\/v2\/product\/320055"}],"collection":[{"href":"https:\/\/www.livrariarema.com.br\/loja\/wp-json\/wp\/v2\/product"}],"about":[{"href":"https:\/\/www.livrariarema.com.br\/loja\/wp-json\/wp\/v2\/types\/product"}],"replies":[{"embeddable":true,"href":"https:\/\/www.livrariarema.com.br\/loja\/wp-json\/wp\/v2\/comments?post=320055"}],"wp:featuredmedia":[{"embeddable":true,"href":"https:\/\/www.livrariarema.com.br\/loja\/wp-json\/wp\/v2\/media\/336641"}],"wp:attachment":[{"href":"https:\/\/www.livrariarema.com.br\/loja\/wp-json\/wp\/v2\/media?parent=320055"}],"wp:term":[{"taxonomy":"product_cat","embeddable":true,"href":"https:\/\/www.livrariarema.com.br\/loja\/wp-json\/wp\/v2\/product_cat?post=320055"},{"taxonomy":"product_tag","embeddable":true,"href":"https:\/\/www.livrariarema.com.br\/loja\/wp-json\/wp\/v2\/product_tag?post=320055"}],"curies":[{"name":"wp","href":"https:\/\/api.w.org\/{rel}","templated":true}]}}