{"id":321668,"date":"2024-10-30T14:16:19","date_gmt":"2024-10-30T17:16:19","guid":{"rendered":"https:\/\/www.livrariarema.com.br\/loja\/produtos\/sem categoria\/pakau-a-chamada-o-preco-e-a-recompensa-kelem-gaspar\/"},"modified":"2025-08-18T14:34:18","modified_gmt":"2025-08-18T17:34:18","slug":"pakau-a-chamada-o-preco-e-a-recompensa-kelem-gaspar","status":"publish","type":"product","link":"https:\/\/www.livrariarema.com.br\/loja\/produtos\/livros\/biografia\/pakau-a-chamada-o-preco-e-a-recompensa-kelem-gaspar\/","title":{"rendered":"Pakau &#8211; A Chamada, O Pre\u00e7o E A Recompensa &#8211; Kelem Gaspar"},"content":{"rendered":"<p>Esta obra narra as experi\u00eancias da mission\u00e1ria Kelem Gaspar com a civiliza\u00e7\u00e3o ind\u00edgena, sua rela\u00e7\u00e3o e adapta\u00e7\u00e3o \u00e0 cultura do povo, suas cren\u00e7as e as batalhas espirituais que travou para alcan\u00e7ar aquelas vidas. \u00c9 uma narrativa cercada de lutas, dificuldades, desafios, mas tamb\u00e9m de incont\u00e1veis milagres. Certamente, cada p\u00e1gina relata a realidade de todos aqueles que abrem m\u00e3o da vida pessoal para cumprir o chamado de Deus em terras distantes. Leia e veja essa grande mulher cumprindo o chamado genu\u00edno de Deus.<\/p>\n","protected":false},"excerpt":{"rendered":"<p>Esta obra narra as experi\u00eancias da mission\u00e1ria Kelem Gaspar com a civiliza\u00e7\u00e3o ind\u00edgena, sua rela\u00e7\u00e3o e adapta\u00e7\u00e3o \u00e0 cultura do&hellip;<\/p>\n","protected":false},"featured_media":335434,"comment_status":"open","ping_status":"closed","template":"","meta":[],"product_cat":[181,134],"product_tag":[],"_links":{"self":[{"href":"https:\/\/www.livrariarema.com.br\/loja\/wp-json\/wp\/v2\/product\/321668"}],"collection":[{"href":"https:\/\/www.livrariarema.com.br\/loja\/wp-json\/wp\/v2\/product"}],"about":[{"href":"https:\/\/www.livrariarema.com.br\/loja\/wp-json\/wp\/v2\/types\/product"}],"replies":[{"embeddable":true,"href":"https:\/\/www.livrariarema.com.br\/loja\/wp-json\/wp\/v2\/comments?post=321668"}],"wp:featuredmedia":[{"embeddable":true,"href":"https:\/\/www.livrariarema.com.br\/loja\/wp-json\/wp\/v2\/media\/335434"}],"wp:attachment":[{"href":"https:\/\/www.livrariarema.com.br\/loja\/wp-json\/wp\/v2\/media?parent=321668"}],"wp:term":[{"taxonomy":"product_cat","embeddable":true,"href":"https:\/\/www.livrariarema.com.br\/loja\/wp-json\/wp\/v2\/product_cat?post=321668"},{"taxonomy":"product_tag","embeddable":true,"href":"https:\/\/www.livrariarema.com.br\/loja\/wp-json\/wp\/v2\/product_tag?post=321668"}],"curies":[{"name":"wp","href":"https:\/\/api.w.org\/{rel}","templated":true}]}}