{"id":321670,"date":"2024-10-30T14:16:24","date_gmt":"2024-10-30T17:16:24","guid":{"rendered":"https:\/\/www.livrariarema.com.br\/loja\/produtos\/sem categoria\/john-hyde-o-homem-que-orava-francis-mcgaw\/"},"modified":"2026-02-27T14:43:44","modified_gmt":"2026-02-27T17:43:44","slug":"john-hyde-o-homem-que-orava-francis-mcgaw","status":"publish","type":"product","link":"https:\/\/www.livrariarema.com.br\/loja\/produtos\/livros\/biografia\/john-hyde-o-homem-que-orava-francis-mcgaw\/","title":{"rendered":"John Hyde &#8211; O Homem Que Orava &#8211; Francis Mcgaw"},"content":{"rendered":"<p>Que poder levou John Hyde a abandonar sua terra para pregar aos indianos, trocando o conforto dos EUA por uma cho\u00e7a de palha no Punjab? <br \/>\nUma impressionante narrativa da vida de John Hyde, um mission\u00e1rio, conhecido como o ap\u00f3stolo da ora\u00e7\u00e3o, que pregou o Evangelho na \u00cdndia convertendo mais de 100 mil almas \u00e0 Cristo. O seu segredo?: <br \/>\na pr\u00e1tica da ora\u00e7\u00e3o perseverante e fervorosa.<\/p>\n","protected":false},"excerpt":{"rendered":"<p>Que poder levou John Hyde a abandonar sua terra para pregar aos indianos, trocando o conforto dos EUA por uma&hellip;<\/p>\n","protected":false},"featured_media":345569,"comment_status":"open","ping_status":"closed","template":"","meta":[],"product_cat":[181,134],"product_tag":[],"_links":{"self":[{"href":"https:\/\/www.livrariarema.com.br\/loja\/wp-json\/wp\/v2\/product\/321670"}],"collection":[{"href":"https:\/\/www.livrariarema.com.br\/loja\/wp-json\/wp\/v2\/product"}],"about":[{"href":"https:\/\/www.livrariarema.com.br\/loja\/wp-json\/wp\/v2\/types\/product"}],"replies":[{"embeddable":true,"href":"https:\/\/www.livrariarema.com.br\/loja\/wp-json\/wp\/v2\/comments?post=321670"}],"wp:featuredmedia":[{"embeddable":true,"href":"https:\/\/www.livrariarema.com.br\/loja\/wp-json\/wp\/v2\/media\/345569"}],"wp:attachment":[{"href":"https:\/\/www.livrariarema.com.br\/loja\/wp-json\/wp\/v2\/media?parent=321670"}],"wp:term":[{"taxonomy":"product_cat","embeddable":true,"href":"https:\/\/www.livrariarema.com.br\/loja\/wp-json\/wp\/v2\/product_cat?post=321670"},{"taxonomy":"product_tag","embeddable":true,"href":"https:\/\/www.livrariarema.com.br\/loja\/wp-json\/wp\/v2\/product_tag?post=321670"}],"curies":[{"name":"wp","href":"https:\/\/api.w.org\/{rel}","templated":true}]}}