{"id":321697,"date":"2024-10-30T14:42:27","date_gmt":"2024-10-30T17:42:27","guid":{"rendered":"https:\/\/www.livrariarema.com.br\/loja\/produtos\/sem categoria\/biblia-de-estudo-obreiro-aprovado-com-harpa-crista-media-vinho\/"},"modified":"2026-01-17T10:40:37","modified_gmt":"2026-01-17T13:40:37","slug":"biblia-de-estudo-obreiro-aprovado-com-harpa-crista-media-vinho","status":"publish","type":"product","link":"https:\/\/www.livrariarema.com.br\/loja\/produtos\/biblias\/estudo\/biblia-de-estudo-obreiro-aprovado-com-harpa-crista-media-vinho\/","title":{"rendered":"Biblia De Estudo Obreiro Aprovado Com Harpa Crist\u00e3 &#8211; M\u00e9dia &#8211; Vinho"},"content":{"rendered":"<p>Com o objetivo de auxiliar os Ministros do Evangelho em suas atividades eclesi\u00e1sticas, voc\u00ea encontra na CPAD a B\u00edblia Obreiro Aprovado. Facilitando as prega\u00e7\u00f5es, os estudos e a dire\u00e7\u00e3o para os eventos e cerim\u00f4nias de sua igreja. Atualizada pelo novo acordo ortogr\u00e1fico da l\u00edngua portuguesa. A B\u00edblia foi desenvolvida por se\u00e7\u00f5es auxiliando o leitor, de modo din\u00e2mico e pr\u00e1tico, o seu manuseio. Escrita por renomados pastores, mission\u00e1rios, educadores, pregadores e profissionais crist\u00e3os em uma \u00fanica obra, a B\u00edblia Obreiro Aprovado tem a finalidade de auxiliar aos obreiros em um guia pr\u00e1tico de Teologia Pastoral, Administra\u00e7\u00e3o Eclesi\u00e1stica, Educa\u00e7\u00e3o Crist\u00e3 e Missiologia. Neste exemplar voc\u00ea tamb\u00e9m encontra os seguintes recursos:<br \/>\n&#8211; S\u00edntese dos Livros;<br \/>\n&#8211; Dicion\u00e1rio B\u00edblico Mcnair;<br \/>\n&#8211; Artigos;<br \/>\n&#8211; Harpa Crist\u00e3;<br \/>\n&#8211; Manual de Cerim\u00f4nias;<br \/>\n&#8211; Mapas.<\/p>\n","protected":false},"excerpt":{"rendered":"<p>Com o objetivo de auxiliar os Ministros do Evangelho em suas atividades eclesi\u00e1sticas, voc\u00ea encontra na CPAD a B\u00edblia Obreiro&hellip;<\/p>\n","protected":false},"featured_media":335462,"comment_status":"open","ping_status":"closed","template":"","meta":[],"product_cat":[139,140],"product_tag":[],"_links":{"self":[{"href":"https:\/\/www.livrariarema.com.br\/loja\/wp-json\/wp\/v2\/product\/321697"}],"collection":[{"href":"https:\/\/www.livrariarema.com.br\/loja\/wp-json\/wp\/v2\/product"}],"about":[{"href":"https:\/\/www.livrariarema.com.br\/loja\/wp-json\/wp\/v2\/types\/product"}],"replies":[{"embeddable":true,"href":"https:\/\/www.livrariarema.com.br\/loja\/wp-json\/wp\/v2\/comments?post=321697"}],"wp:featuredmedia":[{"embeddable":true,"href":"https:\/\/www.livrariarema.com.br\/loja\/wp-json\/wp\/v2\/media\/335462"}],"wp:attachment":[{"href":"https:\/\/www.livrariarema.com.br\/loja\/wp-json\/wp\/v2\/media?parent=321697"}],"wp:term":[{"taxonomy":"product_cat","embeddable":true,"href":"https:\/\/www.livrariarema.com.br\/loja\/wp-json\/wp\/v2\/product_cat?post=321697"},{"taxonomy":"product_tag","embeddable":true,"href":"https:\/\/www.livrariarema.com.br\/loja\/wp-json\/wp\/v2\/product_tag?post=321697"}],"curies":[{"name":"wp","href":"https:\/\/api.w.org\/{rel}","templated":true}]}}