{"id":321704,"date":"2024-10-30T14:42:53","date_gmt":"2024-10-30T17:42:53","guid":{"rendered":"https:\/\/www.livrariarema.com.br\/loja\/produtos\/sem categoria\/biblia-de-estudo-aplicacao-pessoal-nvt-vinho\/"},"modified":"2026-03-05T09:41:48","modified_gmt":"2026-03-05T12:41:48","slug":"biblia-de-estudo-aplicacao-pessoal-nvt-vinho","status":"publish","type":"product","link":"https:\/\/www.livrariarema.com.br\/loja\/produtos\/biblias\/estudo\/biblia-de-estudo-aplicacao-pessoal-nvt-vinho\/","title":{"rendered":"B\u00edblia De Estudo Aplica\u00e7\u00e3o Pessoal &#8211; Nvt &#8211; Vinho"},"content":{"rendered":"<p>Esta edi\u00e7\u00e3o inclui uma atualiza\u00e7\u00e3o completa dos recursos hist\u00f3ricos e traz conte\u00fado novo e expandido, a fim de tornar o material ainda mais relevante para sua vida di\u00e1ria. Novo tamb\u00e9m \u00e9 o design, em duas cores, com uma disposi\u00e7\u00e3o que facilita o uso dos recursos. Agora com o texto b\u00edblico na Nova Vers\u00e3o Transformadora (NVT), para atender a diversos perfis de leitores: o especialista em exegese b\u00edblica, o pastor que busca um texto confi\u00e1vel para seus serm\u00f5es, o leigo que procura uma palavra de inspira\u00e7\u00e3o que fale diretamente \u00e0 alma e o jovem que espera compreender o que est\u00e1 lendo.<br \/>\nEsta edi\u00e7\u00e3o cont\u00e9m:<br \/>\n&#8211; Notas de Aplica\u00e7\u00e3o Pessoal e Notas explicativas<br \/>\n&#8211; Introdu\u00e7\u00e3o aos livros b\u00edblicos<br \/>\n&#8211; Esbo\u00e7os e Temas centrais<br \/>\n&#8211; Perfis dos personagens b\u00edblicos<br \/>\n&#8211; Notas Textuais e t\u00edtulos de se\u00e7\u00f5es da vers\u00e3o NVT<br \/>\n&#8211; Quadros, Mapas, Linhas do Tempo e Diagramas<br \/>\n&#8211; Dicion\u00e1rio\/Concord\u00e2ncia<\/p>\n","protected":false},"excerpt":{"rendered":"<p>Esta edi\u00e7\u00e3o inclui uma atualiza\u00e7\u00e3o completa dos recursos hist\u00f3ricos e traz conte\u00fado novo e expandido, a fim de tornar o&hellip;<\/p>\n","protected":false},"featured_media":329508,"comment_status":"open","ping_status":"closed","template":"","meta":[],"product_cat":[139,140],"product_tag":[],"_links":{"self":[{"href":"https:\/\/www.livrariarema.com.br\/loja\/wp-json\/wp\/v2\/product\/321704"}],"collection":[{"href":"https:\/\/www.livrariarema.com.br\/loja\/wp-json\/wp\/v2\/product"}],"about":[{"href":"https:\/\/www.livrariarema.com.br\/loja\/wp-json\/wp\/v2\/types\/product"}],"replies":[{"embeddable":true,"href":"https:\/\/www.livrariarema.com.br\/loja\/wp-json\/wp\/v2\/comments?post=321704"}],"wp:featuredmedia":[{"embeddable":true,"href":"https:\/\/www.livrariarema.com.br\/loja\/wp-json\/wp\/v2\/media\/329508"}],"wp:attachment":[{"href":"https:\/\/www.livrariarema.com.br\/loja\/wp-json\/wp\/v2\/media?parent=321704"}],"wp:term":[{"taxonomy":"product_cat","embeddable":true,"href":"https:\/\/www.livrariarema.com.br\/loja\/wp-json\/wp\/v2\/product_cat?post=321704"},{"taxonomy":"product_tag","embeddable":true,"href":"https:\/\/www.livrariarema.com.br\/loja\/wp-json\/wp\/v2\/product_tag?post=321704"}],"curies":[{"name":"wp","href":"https:\/\/api.w.org\/{rel}","templated":true}]}}