{"id":321710,"date":"2024-10-30T14:43:17","date_gmt":"2024-10-30T17:43:17","guid":{"rendered":"https:\/\/www.livrariarema.com.br\/loja\/produtos\/sem categoria\/jesus-e-a-cova-dos-leoes-alison-mitchell\/"},"modified":"2026-02-28T11:33:46","modified_gmt":"2026-02-28T14:33:46","slug":"jesus-e-a-cova-dos-leoes-alison-mitchell","status":"publish","type":"product","link":"https:\/\/www.livrariarema.com.br\/loja\/produtos\/livros\/infantil\/jesus-e-a-cova-dos-leoes-alison-mitchell\/","title":{"rendered":"Jesus E A Cova Dos Le\u00f5es &#8211; Alison Mitchell"},"content":{"rendered":"<p>A hist\u00f3ria de Daniel e a Cova dos Le\u00f5es ensina muitas coisas \u00e0s crian\u00e7as&#8230; Ela as ensina sobre a ora\u00e7\u00e3o; ensina sobre a fidelidade de Daniel a Deus e a fidelidade de Deus a Daniel; e ensina que Deus \u00e9 o verdadeiro rei de todos em todos os lugares. Mas se voc\u00ea descascar outra camada, ver\u00e1 que esta releitura incrivelmente ilustrada de Daniel e a cova dos le\u00f5es ajuda as crian\u00e7as a ver Jesus na hist\u00f3ria de Daniel. Indicado para crian\u00e7as a partir de 5 anos de idade.<\/p>\n","protected":false},"excerpt":{"rendered":"<p>A hist\u00f3ria de Daniel e a Cova dos Le\u00f5es ensina muitas coisas \u00e0s crian\u00e7as&#8230; Ela as ensina sobre a ora\u00e7\u00e3o;&hellip;<\/p>\n","protected":false},"featured_media":321709,"comment_status":"open","ping_status":"closed","template":"","meta":[],"product_cat":[144,134],"product_tag":[],"_links":{"self":[{"href":"https:\/\/www.livrariarema.com.br\/loja\/wp-json\/wp\/v2\/product\/321710"}],"collection":[{"href":"https:\/\/www.livrariarema.com.br\/loja\/wp-json\/wp\/v2\/product"}],"about":[{"href":"https:\/\/www.livrariarema.com.br\/loja\/wp-json\/wp\/v2\/types\/product"}],"replies":[{"embeddable":true,"href":"https:\/\/www.livrariarema.com.br\/loja\/wp-json\/wp\/v2\/comments?post=321710"}],"wp:featuredmedia":[{"embeddable":true,"href":"https:\/\/www.livrariarema.com.br\/loja\/wp-json\/wp\/v2\/media\/321709"}],"wp:attachment":[{"href":"https:\/\/www.livrariarema.com.br\/loja\/wp-json\/wp\/v2\/media?parent=321710"}],"wp:term":[{"taxonomy":"product_cat","embeddable":true,"href":"https:\/\/www.livrariarema.com.br\/loja\/wp-json\/wp\/v2\/product_cat?post=321710"},{"taxonomy":"product_tag","embeddable":true,"href":"https:\/\/www.livrariarema.com.br\/loja\/wp-json\/wp\/v2\/product_tag?post=321710"}],"curies":[{"name":"wp","href":"https:\/\/api.w.org\/{rel}","templated":true}]}}