{"id":321712,"date":"2024-10-30T14:43:23","date_gmt":"2024-10-30T17:43:23","guid":{"rendered":"https:\/\/www.livrariarema.com.br\/loja\/produtos\/sem categoria\/jesus-e-a-grande-surpresa-randall-goodgame\/"},"modified":"2026-03-02T10:24:24","modified_gmt":"2026-03-02T13:24:24","slug":"jesus-e-a-grande-surpresa-randall-goodgame","status":"publish","type":"product","link":"https:\/\/www.livrariarema.com.br\/loja\/produtos\/livros\/infantil\/jesus-e-a-grande-surpresa-randall-goodgame\/","title":{"rendered":"Jesus E A Grande Surpresa &#8211; Randall Goodgame"},"content":{"rendered":"<p>Como falar da volta de Jesus para as crian\u00e7as?<br \/>\nEste livro lindamente ilustrado \u00e9 baseado na par\u00e1bola de Lucas 12:35-38 e ensina \u00e0s crian\u00e7as que Jesus retornar\u00e1 e quando ele retornar, haver\u00e1 uma festa incr\u00edvel onde&#8230; SURPRESA! &#8230; ele servir\u00e1 seus servos fi\u00e9is! Jesus n\u00e3o nos disse quando ser\u00e1 essa festa, mas podemos ter certeza de que estamos prontos para ela amando-o e amando seu povo enquanto esperamos.<br \/>\nIndicado para crian\u00e7as a partir de 5 anos de idade.<\/p>\n","protected":false},"excerpt":{"rendered":"<p>Como falar da volta de Jesus para as crian\u00e7as? Este livro lindamente ilustrado \u00e9 baseado na par\u00e1bola de Lucas 12:35-38&hellip;<\/p>\n","protected":false},"featured_media":345631,"comment_status":"open","ping_status":"closed","template":"","meta":[],"product_cat":[144,134],"product_tag":[],"_links":{"self":[{"href":"https:\/\/www.livrariarema.com.br\/loja\/wp-json\/wp\/v2\/product\/321712"}],"collection":[{"href":"https:\/\/www.livrariarema.com.br\/loja\/wp-json\/wp\/v2\/product"}],"about":[{"href":"https:\/\/www.livrariarema.com.br\/loja\/wp-json\/wp\/v2\/types\/product"}],"replies":[{"embeddable":true,"href":"https:\/\/www.livrariarema.com.br\/loja\/wp-json\/wp\/v2\/comments?post=321712"}],"wp:featuredmedia":[{"embeddable":true,"href":"https:\/\/www.livrariarema.com.br\/loja\/wp-json\/wp\/v2\/media\/345631"}],"wp:attachment":[{"href":"https:\/\/www.livrariarema.com.br\/loja\/wp-json\/wp\/v2\/media?parent=321712"}],"wp:term":[{"taxonomy":"product_cat","embeddable":true,"href":"https:\/\/www.livrariarema.com.br\/loja\/wp-json\/wp\/v2\/product_cat?post=321712"},{"taxonomy":"product_tag","embeddable":true,"href":"https:\/\/www.livrariarema.com.br\/loja\/wp-json\/wp\/v2\/product_tag?post=321712"}],"curies":[{"name":"wp","href":"https:\/\/api.w.org\/{rel}","templated":true}]}}