{"id":321724,"date":"2024-10-30T14:43:59","date_gmt":"2024-10-30T17:43:59","guid":{"rendered":"https:\/\/www.livrariarema.com.br\/loja\/produtos\/sem categoria\/biblia-de-estudo-explicada-media-luxo-com-harpa-crista-vinho\/"},"modified":"2026-02-09T17:32:13","modified_gmt":"2026-02-09T20:32:13","slug":"biblia-de-estudo-explicada-media-luxo-com-harpa-crista-vinho","status":"publish","type":"product","link":"https:\/\/www.livrariarema.com.br\/loja\/produtos\/biblias\/estudo\/biblia-de-estudo-explicada-media-luxo-com-harpa-crista-vinho\/","title":{"rendered":"B\u00edblia De Estudo Explicada &#8211; M\u00e9dia &#8211; Luxo &#8211; Com Harpa Crist\u00e3 &#8211; Vinho"},"content":{"rendered":"<p>Uma B\u00edblia de Estudo que oferece praticidade e conte\u00fado s\u00f3lido para aqueles que desejam ler e se aprofundar nas Sagradas Escrituras por um pre\u00e7o bastante acess\u00edvel. Neste exemplar voc\u00ea tamb\u00e9m encontra os seguintes recursos:<br \/>\nPequeno Dicion\u00e1rio B\u00edblico S. E. McNair<br \/>\nRedu\u00e7\u00f5es (Abrevia\u00e7\u00f5es)<br \/>\nVida e Obra de S. E. McNair<br \/>\nMarcador de P\u00e1ginas<br \/>\nMapas<br \/>\n\u00cdndice dos mapas e dos nomes geogr\u00e1ficos<\/p>\n<p>Harpa Crist\u00e3 &#8211; 636 Hinos<br \/>\n-\u00cdndice das primeiras linhas das estrofes<br \/>\n-\u00cdndice das primeiras linhas dos estribilhos<br \/>\n-\u00cdndice de Assuntos<br \/>\n-\u00cdndice de Autores e Tradutores<\/p>\n","protected":false},"excerpt":{"rendered":"<p>Uma B\u00edblia de Estudo que oferece praticidade e conte\u00fado s\u00f3lido para aqueles que desejam ler e se aprofundar nas Sagradas&hellip;<\/p>\n","protected":false},"featured_media":321723,"comment_status":"open","ping_status":"closed","template":"","meta":[],"product_cat":[139,140],"product_tag":[],"_links":{"self":[{"href":"https:\/\/www.livrariarema.com.br\/loja\/wp-json\/wp\/v2\/product\/321724"}],"collection":[{"href":"https:\/\/www.livrariarema.com.br\/loja\/wp-json\/wp\/v2\/product"}],"about":[{"href":"https:\/\/www.livrariarema.com.br\/loja\/wp-json\/wp\/v2\/types\/product"}],"replies":[{"embeddable":true,"href":"https:\/\/www.livrariarema.com.br\/loja\/wp-json\/wp\/v2\/comments?post=321724"}],"wp:featuredmedia":[{"embeddable":true,"href":"https:\/\/www.livrariarema.com.br\/loja\/wp-json\/wp\/v2\/media\/321723"}],"wp:attachment":[{"href":"https:\/\/www.livrariarema.com.br\/loja\/wp-json\/wp\/v2\/media?parent=321724"}],"wp:term":[{"taxonomy":"product_cat","embeddable":true,"href":"https:\/\/www.livrariarema.com.br\/loja\/wp-json\/wp\/v2\/product_cat?post=321724"},{"taxonomy":"product_tag","embeddable":true,"href":"https:\/\/www.livrariarema.com.br\/loja\/wp-json\/wp\/v2\/product_tag?post=321724"}],"curies":[{"name":"wp","href":"https:\/\/api.w.org\/{rel}","templated":true}]}}