{"id":321726,"date":"2024-10-30T14:44:06","date_gmt":"2024-10-30T17:44:06","guid":{"rendered":"https:\/\/www.livrariarema.com.br\/loja\/produtos\/sem categoria\/cristianismo-no-imperio-romano-o-robert-e-winn\/"},"modified":"2025-04-16T10:59:15","modified_gmt":"2025-04-16T13:59:15","slug":"cristianismo-no-imperio-romano-o-robert-e-winn","status":"publish","type":"product","link":"https:\/\/www.livrariarema.com.br\/loja\/produtos\/livros\/cristianismo\/cristianismo-no-imperio-romano-o-robert-e-winn\/","title":{"rendered":"Cristianismo No Imp\u00e9rio Romano, O &#8211; Robert E. Winn"},"content":{"rendered":"<p>Atrav\u00e9s desta introdu\u00e7\u00e3o ao estudo do Cristianismo antes de Constantino, voc\u00ea conhecer\u00e1 as principais figuras, cren\u00e7as e pr\u00e1ticas da Igreja Primitiva de 100 a 300 d.C. e como os crist\u00e3os reagiram a persegui\u00e7\u00e3o romana e aprofundaram sua f\u00e9 em um ambiente hostil. Ideal para leitura e discuss\u00e3o em uma classe de escola dominical, um grupo pequeno ou grupo de leitura.<\/p>\n","protected":false},"excerpt":{"rendered":"<p>Atrav\u00e9s desta introdu\u00e7\u00e3o ao estudo do Cristianismo antes de Constantino, voc\u00ea conhecer\u00e1 as principais figuras, cren\u00e7as e pr\u00e1ticas da Igreja&hellip;<\/p>\n","protected":false},"featured_media":329513,"comment_status":"open","ping_status":"closed","template":"","meta":[],"product_cat":[244,134],"product_tag":[],"_links":{"self":[{"href":"https:\/\/www.livrariarema.com.br\/loja\/wp-json\/wp\/v2\/product\/321726"}],"collection":[{"href":"https:\/\/www.livrariarema.com.br\/loja\/wp-json\/wp\/v2\/product"}],"about":[{"href":"https:\/\/www.livrariarema.com.br\/loja\/wp-json\/wp\/v2\/types\/product"}],"replies":[{"embeddable":true,"href":"https:\/\/www.livrariarema.com.br\/loja\/wp-json\/wp\/v2\/comments?post=321726"}],"wp:featuredmedia":[{"embeddable":true,"href":"https:\/\/www.livrariarema.com.br\/loja\/wp-json\/wp\/v2\/media\/329513"}],"wp:attachment":[{"href":"https:\/\/www.livrariarema.com.br\/loja\/wp-json\/wp\/v2\/media?parent=321726"}],"wp:term":[{"taxonomy":"product_cat","embeddable":true,"href":"https:\/\/www.livrariarema.com.br\/loja\/wp-json\/wp\/v2\/product_cat?post=321726"},{"taxonomy":"product_tag","embeddable":true,"href":"https:\/\/www.livrariarema.com.br\/loja\/wp-json\/wp\/v2\/product_tag?post=321726"}],"curies":[{"name":"wp","href":"https:\/\/api.w.org\/{rel}","templated":true}]}}