{"id":321760,"date":"2024-10-30T14:46:45","date_gmt":"2024-10-30T17:46:45","guid":{"rendered":"https:\/\/www.livrariarema.com.br\/loja\/produtos\/sem categoria\/biblia-nvi-slim-couro-soft-futebol\/"},"modified":"2026-02-24T12:25:29","modified_gmt":"2026-02-24T15:25:29","slug":"biblia-nvi-slim-couro-soft-futebol","status":"publish","type":"product","link":"https:\/\/www.livrariarema.com.br\/loja\/produtos\/biblias\/nvi\/biblia-nvi-slim-couro-soft-futebol\/","title":{"rendered":"B\u00edblia &#8211; Nvi &#8211; Slim &#8211; Couro Soft &#8211; Futebol"},"content":{"rendered":"<p>A B\u00edblia NVI Slim, Capa de futebol, Couro-soft preto e branco, Luxo combina os benef\u00edcios de uma b\u00edblia compacta com a qualidade Thomas Nelson Brasil. Ela oferece uma leitura confort\u00e1vel, facilidade no manuseio e acabamento luxo. Esta edi\u00e7\u00e3o conta com a capa em Couro-soft (PU) em preto e branco, com a costura simulando uma bola de futebol. Ela \u00e9 perfeita para amantes do esporte que desejam levar sua f\u00e9 para o dia a dia com um toque de estilo.<\/p>\n<p>Caracter\u00edsticas:<\/p>\n<p>Texto na tradu\u00e7\u00e3o NVI (Nova Vers\u00e3o Internacional)<br \/>\nCapa em Courosoft (PU)<br \/>\nCostura de bola de futebol<br \/>\nFitilho<\/p>\n","protected":false},"excerpt":{"rendered":"<p>A B\u00edblia NVI Slim, Capa de futebol, Couro-soft preto e branco, Luxo combina os benef\u00edcios de uma b\u00edblia compacta com&hellip;<\/p>\n","protected":false},"featured_media":345326,"comment_status":"open","ping_status":"closed","template":"","meta":[],"product_cat":[139,166],"product_tag":[],"_links":{"self":[{"href":"https:\/\/www.livrariarema.com.br\/loja\/wp-json\/wp\/v2\/product\/321760"}],"collection":[{"href":"https:\/\/www.livrariarema.com.br\/loja\/wp-json\/wp\/v2\/product"}],"about":[{"href":"https:\/\/www.livrariarema.com.br\/loja\/wp-json\/wp\/v2\/types\/product"}],"replies":[{"embeddable":true,"href":"https:\/\/www.livrariarema.com.br\/loja\/wp-json\/wp\/v2\/comments?post=321760"}],"wp:featuredmedia":[{"embeddable":true,"href":"https:\/\/www.livrariarema.com.br\/loja\/wp-json\/wp\/v2\/media\/345326"}],"wp:attachment":[{"href":"https:\/\/www.livrariarema.com.br\/loja\/wp-json\/wp\/v2\/media?parent=321760"}],"wp:term":[{"taxonomy":"product_cat","embeddable":true,"href":"https:\/\/www.livrariarema.com.br\/loja\/wp-json\/wp\/v2\/product_cat?post=321760"},{"taxonomy":"product_tag","embeddable":true,"href":"https:\/\/www.livrariarema.com.br\/loja\/wp-json\/wp\/v2\/product_tag?post=321760"}],"curies":[{"name":"wp","href":"https:\/\/api.w.org\/{rel}","templated":true}]}}