{"id":322190,"date":"2024-11-04T13:18:39","date_gmt":"2024-11-04T16:18:39","guid":{"rendered":"https:\/\/www.livrariarema.com.br\/loja\/produtos\/sem categoria\/biblia-de-estudo-orientacao-red-minimal\/"},"modified":"2024-11-04T13:18:39","modified_gmt":"2024-11-04T16:18:39","slug":"biblia-de-estudo-orientacao-red-minimal","status":"publish","type":"product","link":"https:\/\/www.livrariarema.com.br\/loja\/produtos\/biblias\/estudo\/biblia-de-estudo-orientacao-red-minimal\/","title":{"rendered":"B\u00edblia De Estudo Orienta\u00e7\u00e3o &#8211; Red Minimal"},"content":{"rendered":"<p>Vers\u00e3o NVI (Nova Vers\u00e3o Internacional 2001)<\/p>\n<p>Assim como as ferramentas de orienta\u00e7\u00e3o no tr\u00e2nsito e em viagens fazem parte de nosso cotidiano, a &#8220;B\u00edblia de Estudo Orienta\u00e7\u00e3o&#8221; \u00e9 um aux\u00edlio para nossa vida, na dire\u00e7\u00e3o indicada pela Palavra de Deus. Por isso ela estampa na capa uma logomarca que lembra ao mesmo tempo uma placa com uma seta diretiva e uma cruz. Cada recurso preparado pelo time editorial de doutores, professores e especialistas tem o objetivo de ajudar a entender melhor o conte\u00fado de cada livro do Antigo e do Novo Testamento, suas por\u00e7\u00f5es de cap\u00edtulos e vers\u00edculos, encontrando com facilidade as conex\u00f5es, sequ\u00eancia can\u00f4nica, cronologia, fases e personagens, formando sua cultura b\u00edblica para responder com lucidez a perguntas como: Quem viveu antes, Abra\u00e3o ou Mois\u00e9s? Ou ent\u00e3o: Quais livros est\u00e3o antes e depois dos Salmos? Ou ainda: Qual \u00e9 o lugar das principais hist\u00f3rias da B\u00edblia e como elas se encaixam umas \u00e0s outras?<\/p>\n<p>Recursos da B\u00edblia de Estudo Orienta\u00e7\u00e3o:<br \/>\n&#8211; Introdu\u00e7\u00f5es aos livros da B\u00edblia;<br \/>\n&#8211; Notas textuais e refer\u00eancias cruzadas;<br \/>\n&#8211; Linha do Tempo da cronologia b\u00edblica;<br \/>\n&#8211; Resumo da estrutura do livro;<br \/>\n&#8211; Hist\u00f3ria da Salva\u00e7\u00e3o;<br \/>\n&#8211; Coment\u00e1rios tem\u00e1ticos;<br \/>\n&#8211; Esquema cronol\u00f3gico, mapas e templos. <\/p>\n","protected":false},"excerpt":{"rendered":"<p>Vers\u00e3o NVI (Nova Vers\u00e3o Internacional 2001) Assim como as ferramentas de orienta\u00e7\u00e3o no tr\u00e2nsito e em viagens fazem parte de&hellip;<\/p>\n","protected":false},"featured_media":322189,"comment_status":"open","ping_status":"closed","template":"","meta":[],"product_cat":[139,140],"product_tag":[],"_links":{"self":[{"href":"https:\/\/www.livrariarema.com.br\/loja\/wp-json\/wp\/v2\/product\/322190"}],"collection":[{"href":"https:\/\/www.livrariarema.com.br\/loja\/wp-json\/wp\/v2\/product"}],"about":[{"href":"https:\/\/www.livrariarema.com.br\/loja\/wp-json\/wp\/v2\/types\/product"}],"replies":[{"embeddable":true,"href":"https:\/\/www.livrariarema.com.br\/loja\/wp-json\/wp\/v2\/comments?post=322190"}],"wp:featuredmedia":[{"embeddable":true,"href":"https:\/\/www.livrariarema.com.br\/loja\/wp-json\/wp\/v2\/media\/322189"}],"wp:attachment":[{"href":"https:\/\/www.livrariarema.com.br\/loja\/wp-json\/wp\/v2\/media?parent=322190"}],"wp:term":[{"taxonomy":"product_cat","embeddable":true,"href":"https:\/\/www.livrariarema.com.br\/loja\/wp-json\/wp\/v2\/product_cat?post=322190"},{"taxonomy":"product_tag","embeddable":true,"href":"https:\/\/www.livrariarema.com.br\/loja\/wp-json\/wp\/v2\/product_tag?post=322190"}],"curies":[{"name":"wp","href":"https:\/\/api.w.org\/{rel}","templated":true}]}}