{"id":322255,"date":"2024-11-05T08:23:19","date_gmt":"2024-11-05T11:23:19","guid":{"rendered":"https:\/\/www.livrariarema.com.br\/loja\/produtos\/sem categoria\/serie-mergulho-missional-o-evangelho-e-as-3-cartas-de-joao-sherron-kay-george-e-timoteo-carriker\/"},"modified":"2025-04-23T08:20:35","modified_gmt":"2025-04-23T11:20:35","slug":"serie-mergulho-missional-o-evangelho-e-as-3-cartas-de-joao-sherron-kay-george-e-timoteo-carriker","status":"publish","type":"product","link":"https:\/\/www.livrariarema.com.br\/loja\/produtos\/livros\/estudo-biblico\/serie-mergulho-missional-o-evangelho-e-as-3-cartas-de-joao-sherron-kay-george-e-timoteo-carriker\/","title":{"rendered":"S\u00e9rie Mergulho Missional &#8211; O Evangelho E As 3 Cartas De Jo\u00e3o &#8211; Sherron Kay George E Tim\u00f3teo Carriker"},"content":{"rendered":"<p>Jo\u00e3o, o &#8220;disc\u00edpulo que Jesus amava&#8221;, nos brindou com um Evangelho diferente dos outros. Veremos tamb\u00e9m as tr\u00eas cartas de Jo\u00e3o, que suplementam seu Evangelho. O Evangelho de Jo\u00e3o \u00e9 uma bela constru\u00e7\u00e3o liter\u00e1ria, uma obra-prima. Ele apresenta uma imagem diferente de Jesus comparada com os Evangelhos Sin\u00f3ticos.<\/p>\n<p>D\u00e1 um tom mais interpretativo e &#8220;teol\u00f3gico&#8221; no seu relato acerca de Jesus. Chegou a hora de mergulhar. \u00c9 um novo olhar. Vamos come\u00e7ar nossa leitura missional da participa\u00e7\u00e3o divino-humana na miss\u00e3o de vida, luz e amor em Jo\u00e3o \u00e0 luz de uma interpreta\u00e7\u00e3o missional  da B\u00edblia toda. <\/p>\n<p>Sherron Kay George \u00e9 Doutora em Minist\u00e9rios e pastora da Igreja Presbiteriana (EUA). Como mission\u00e1ria, trabalhou com a Igreja Presbiteriana do Brasil e a Igreja Presbiteriana Independente do Brasil na Miss\u00e3o Caiu\u00e1 e como professora de Missiologia e Educa\u00e7\u00e3o Crist\u00e3 no semin\u00e1rio da IPIB, em Londrina\/PR, e da IPB, em Campinas\/SP. \u00c9 autora de mais de uma d\u00fazia de t\u00edtulos em portugu\u00eas, espanhol e ingl\u00eas e contribuiu com notas missiol\u00f3gicas e reflex\u00f5es para a B\u00edblia Mission\u00e1ria de Estudo (SBB). Reside em Campinas\/SP.<\/p>\n<p>Tim\u00f3teo Carriker \u00e9 estadunidense naturalizado no Brasil em 2002. \u00c9 Bacharel em Ci\u00eancias da Religi\u00e3o, Mestre em Divindade, Missiologia e Ph.D. em Estudos Interculturais. Foi enviado como mission\u00e1rio da Igreja Presbiteriana do Sul (dos EUA) e trabalhou como plantador de igrejas no Brasil, educador de diversos cursos de gradua\u00e7\u00e3o e p\u00f3s-gradua\u00e7\u00e3o da Igreja Presbiteriana do Brasil. \u00c9 autor de 19 livros e muitos artigos acad\u00eamicos, editor de mais 11 volumes, inclusive da B\u00edblia Mission\u00e1ria de Estudo em portugu\u00eas. Nunca deixou as atividades pastorais at\u00e9 a sua jubila\u00e7\u00e3o em 2019. \u00c9 casado com Marta, tem tr\u00eas filhos e tr\u00eas netos.<\/p>\n","protected":false},"excerpt":{"rendered":"<p>Jo\u00e3o, o &#8220;disc\u00edpulo que Jesus amava&#8221;, nos brindou com um Evangelho diferente dos outros. Veremos tamb\u00e9m as tr\u00eas cartas de&hellip;<\/p>\n","protected":false},"featured_media":322254,"comment_status":"open","ping_status":"closed","template":"","meta":[],"product_cat":[161,134],"product_tag":[],"_links":{"self":[{"href":"https:\/\/www.livrariarema.com.br\/loja\/wp-json\/wp\/v2\/product\/322255"}],"collection":[{"href":"https:\/\/www.livrariarema.com.br\/loja\/wp-json\/wp\/v2\/product"}],"about":[{"href":"https:\/\/www.livrariarema.com.br\/loja\/wp-json\/wp\/v2\/types\/product"}],"replies":[{"embeddable":true,"href":"https:\/\/www.livrariarema.com.br\/loja\/wp-json\/wp\/v2\/comments?post=322255"}],"wp:featuredmedia":[{"embeddable":true,"href":"https:\/\/www.livrariarema.com.br\/loja\/wp-json\/wp\/v2\/media\/322254"}],"wp:attachment":[{"href":"https:\/\/www.livrariarema.com.br\/loja\/wp-json\/wp\/v2\/media?parent=322255"}],"wp:term":[{"taxonomy":"product_cat","embeddable":true,"href":"https:\/\/www.livrariarema.com.br\/loja\/wp-json\/wp\/v2\/product_cat?post=322255"},{"taxonomy":"product_tag","embeddable":true,"href":"https:\/\/www.livrariarema.com.br\/loja\/wp-json\/wp\/v2\/product_tag?post=322255"}],"curies":[{"name":"wp","href":"https:\/\/api.w.org\/{rel}","templated":true}]}}