{"id":322574,"date":"2024-11-06T15:54:01","date_gmt":"2024-11-06T18:54:01","guid":{"rendered":"https:\/\/www.livrariarema.com.br\/loja\/produtos\/sem%20categoria\/biblia-nvi-safira-leao-capa-dura\/"},"modified":"2026-03-13T17:04:59","modified_gmt":"2026-03-13T20:04:59","slug":"biblia-nvi-safira-leao-capa-dura","status":"publish","type":"product","link":"https:\/\/www.livrariarema.com.br\/loja\/produtos\/biblias\/nvi\/biblia-nvi-safira-leao-capa-dura\/","title":{"rendered":"B\u00edblia Nvi &#8211; Safira Le\u00e3o &#8211; Capa Dura"},"content":{"rendered":"<p>A Nova Vers\u00e3o Internacional (NVI) \u00e9 uma tradu\u00e7\u00e3o moderna e confi\u00e1vel da B\u00edblia. Ela foi traduzida em solo brasileiro a partir das l\u00ednguas originais (hebraico, aramaico e grego) por especialistas em Antigo e Novo Testamento. O principal objetivo da NVI \u00e9 capturar fielmente a Palavra de Deus para o leitor contempor\u00e2neo, oferecendo ao p\u00fablico uma tradu\u00e7\u00e3o fiel e ao mesmo tempo acess\u00edvel. No final deste texto b\u00edblico atualizad\u00edssimo, h\u00e1 um recurso adicional: o estudo intitulado &#8220;Sete verdades fundamentais&#8221;.<\/p>\n","protected":false},"excerpt":{"rendered":"<p>A Nova Vers\u00e3o Internacional (NVI) \u00e9 uma tradu\u00e7\u00e3o moderna e confi\u00e1vel da B\u00edblia. Ela foi traduzida em solo brasileiro a&hellip;<\/p>\n","protected":false},"featured_media":346182,"comment_status":"open","ping_status":"closed","template":"","meta":[],"product_cat":[139,166],"product_tag":[],"_links":{"self":[{"href":"https:\/\/www.livrariarema.com.br\/loja\/wp-json\/wp\/v2\/product\/322574"}],"collection":[{"href":"https:\/\/www.livrariarema.com.br\/loja\/wp-json\/wp\/v2\/product"}],"about":[{"href":"https:\/\/www.livrariarema.com.br\/loja\/wp-json\/wp\/v2\/types\/product"}],"replies":[{"embeddable":true,"href":"https:\/\/www.livrariarema.com.br\/loja\/wp-json\/wp\/v2\/comments?post=322574"}],"wp:featuredmedia":[{"embeddable":true,"href":"https:\/\/www.livrariarema.com.br\/loja\/wp-json\/wp\/v2\/media\/346182"}],"wp:attachment":[{"href":"https:\/\/www.livrariarema.com.br\/loja\/wp-json\/wp\/v2\/media?parent=322574"}],"wp:term":[{"taxonomy":"product_cat","embeddable":true,"href":"https:\/\/www.livrariarema.com.br\/loja\/wp-json\/wp\/v2\/product_cat?post=322574"},{"taxonomy":"product_tag","embeddable":true,"href":"https:\/\/www.livrariarema.com.br\/loja\/wp-json\/wp\/v2\/product_tag?post=322574"}],"curies":[{"name":"wp","href":"https:\/\/api.w.org\/{rel}","templated":true}]}}