{"id":322600,"date":"2024-11-07T10:04:47","date_gmt":"2024-11-07T13:04:47","guid":{"rendered":"https:\/\/www.livrariarema.com.br\/loja\/produtos\/sem categoria\/confie-90-devocionais-diarios-stormie-omartian\/"},"modified":"2026-04-11T12:30:49","modified_gmt":"2026-04-11T15:30:49","slug":"confie-90-devocionais-diarios-stormie-omartian","status":"publish","type":"product","link":"https:\/\/www.livrariarema.com.br\/loja\/produtos\/livros\/devocional\/confie-90-devocionais-diarios-stormie-omartian\/","title":{"rendered":"Confie: 90 Devocionais Di\u00e1rios &#8211; Stormie Omartian"},"content":{"rendered":"<p>Confie! <\/p>\n<p>Quantos n\u00e3o s\u00e3o os momentos em que \u00e9 dif\u00edcil confiar. Em que as press\u00f5es parecem insuport\u00e1veis e sem fim. Agora imagine Deus olhando para voc\u00ea com o carinho e o cuidado que s\u00f3 ele pode oferecer.<\/p>\n<p>O livro que voc\u00ea tem em m\u00e3os foi concebido para ajud\u00e1-la a recarregar as for\u00e7as e aliviar a alma. Escrito por Stormie Omartian, uma das autoras mais aclamadas quando os temas s\u00e3o confian\u00e7a no Senhor, ora\u00e7\u00e3o, louvor e amor a Deus e ao pr\u00f3ximo, Confie \u00e9 apresentado em p\u00e1ginas duplas, coloridas, com espa\u00e7o para reflex\u00f5es e anota\u00e7\u00f5es. Cada devocional traz, para reflex\u00e3o e estudo, uma sugest\u00e3o de leitura de textos b\u00edblicos relacionados com a tem\u00e1tica desenvolvida, al\u00e9m de uma ora\u00e7\u00e3o. Como recurso adicional, apresenta, ainda, o ponto principal da leitura na forma de uma frase em destaque, para que possa ser revisitado em um simples folhear de p\u00e1ginas.<\/p>\n<p>A palavra do Senhor nunca volta vazia.<\/p>\n","protected":false},"excerpt":{"rendered":"<p>Confie! Quantos n\u00e3o s\u00e3o os momentos em que \u00e9 dif\u00edcil confiar. Em que as press\u00f5es parecem insuport\u00e1veis e sem fim.&hellip;<\/p>\n","protected":false},"featured_media":344308,"comment_status":"open","ping_status":"closed","template":"","meta":[],"product_cat":[158,134],"product_tag":[],"_links":{"self":[{"href":"https:\/\/www.livrariarema.com.br\/loja\/wp-json\/wp\/v2\/product\/322600"}],"collection":[{"href":"https:\/\/www.livrariarema.com.br\/loja\/wp-json\/wp\/v2\/product"}],"about":[{"href":"https:\/\/www.livrariarema.com.br\/loja\/wp-json\/wp\/v2\/types\/product"}],"replies":[{"embeddable":true,"href":"https:\/\/www.livrariarema.com.br\/loja\/wp-json\/wp\/v2\/comments?post=322600"}],"wp:featuredmedia":[{"embeddable":true,"href":"https:\/\/www.livrariarema.com.br\/loja\/wp-json\/wp\/v2\/media\/344308"}],"wp:attachment":[{"href":"https:\/\/www.livrariarema.com.br\/loja\/wp-json\/wp\/v2\/media?parent=322600"}],"wp:term":[{"taxonomy":"product_cat","embeddable":true,"href":"https:\/\/www.livrariarema.com.br\/loja\/wp-json\/wp\/v2\/product_cat?post=322600"},{"taxonomy":"product_tag","embeddable":true,"href":"https:\/\/www.livrariarema.com.br\/loja\/wp-json\/wp\/v2\/product_tag?post=322600"}],"curies":[{"name":"wp","href":"https:\/\/api.w.org\/{rel}","templated":true}]}}