{"id":322606,"date":"2024-11-07T10:13:47","date_gmt":"2024-11-07T13:13:47","guid":{"rendered":"https:\/\/www.livrariarema.com.br\/loja\/produtos\/sem%20categoria\/quinze-minutos-para-o-por-do-sol-isabela-freixo\/"},"modified":"2025-10-20T15:43:19","modified_gmt":"2025-10-20T18:43:19","slug":"quinze-minutos-para-o-por-do-sol-isabela-freixo","status":"publish","type":"product","link":"https:\/\/www.livrariarema.com.br\/loja\/produtos\/livros\/ficcao\/quinze-minutos-para-o-por-do-sol-isabela-freixo\/","title":{"rendered":"Quinze Minutos Para O P\u00f4r Do Sol &#8211; Isabela Freixo"},"content":{"rendered":"<p>Lisa \u00e9 uma empres\u00e1ria que consegue transformar qualquer coisa em sucesso, exceto a pr\u00f3pria vida amorosa. Prestes a completar trinta anos, ela viaja a Portugal na companhia da melhor amiga, mas o plano das f\u00e9rias perfeitas vai pelos ares quando um sul-coreano em uma Vespa atravessa seu caminho. Literalmente.<br \/>\nPara completar o in\u00edcio de viagem catastr\u00f3fico, Lisa ainda compartilha por engano uma foto embara\u00e7osa via Airdrop com o iPhone de um tal sr. P., h\u00f3spede no mesmo hotel que ela.<br \/>\nAgora, ela quer descobrir a identidade do homem misterioso, enquanto tenta se esquivar do cara da Vespa , aproveitar os dias na Cidade do Porto e criar coragem para revelar \u00e0 melhor amiga o real motivo por tr\u00e1s dessa viagem.<\/p>\n<p>&#8220;Com uma escrita fluida, muito bom humor e o aroma das lavandas, aprendemos que, desde o nascente ao p\u00f4r do sol, temos um Deus que cura nossas feridas e nos faz recome\u00e7ar.&#8221; &#8211; Tatielle Katluryn, autora de O horizonte mora em um dia cinza  <\/p>\n","protected":false},"excerpt":{"rendered":"<p>Lisa \u00e9 uma empres\u00e1ria que consegue transformar qualquer coisa em sucesso, exceto a pr\u00f3pria vida amorosa. Prestes a completar trinta&hellip;<\/p>\n","protected":false},"featured_media":339469,"comment_status":"open","ping_status":"closed","template":"","meta":[],"product_cat":[162,134],"product_tag":[],"_links":{"self":[{"href":"https:\/\/www.livrariarema.com.br\/loja\/wp-json\/wp\/v2\/product\/322606"}],"collection":[{"href":"https:\/\/www.livrariarema.com.br\/loja\/wp-json\/wp\/v2\/product"}],"about":[{"href":"https:\/\/www.livrariarema.com.br\/loja\/wp-json\/wp\/v2\/types\/product"}],"replies":[{"embeddable":true,"href":"https:\/\/www.livrariarema.com.br\/loja\/wp-json\/wp\/v2\/comments?post=322606"}],"wp:featuredmedia":[{"embeddable":true,"href":"https:\/\/www.livrariarema.com.br\/loja\/wp-json\/wp\/v2\/media\/339469"}],"wp:attachment":[{"href":"https:\/\/www.livrariarema.com.br\/loja\/wp-json\/wp\/v2\/media?parent=322606"}],"wp:term":[{"taxonomy":"product_cat","embeddable":true,"href":"https:\/\/www.livrariarema.com.br\/loja\/wp-json\/wp\/v2\/product_cat?post=322606"},{"taxonomy":"product_tag","embeddable":true,"href":"https:\/\/www.livrariarema.com.br\/loja\/wp-json\/wp\/v2\/product_tag?post=322606"}],"curies":[{"name":"wp","href":"https:\/\/api.w.org\/{rel}","templated":true}]}}