{"id":322646,"date":"2024-11-08T08:20:06","date_gmt":"2024-11-08T11:20:06","guid":{"rendered":"https:\/\/www.livrariarema.com.br\/loja\/produtos\/sem categoria\/10-meninas-que-mudaram-o-mundo-irene-howat\/"},"modified":"2026-04-08T18:06:46","modified_gmt":"2026-04-08T21:06:46","slug":"10-meninas-que-mudaram-o-mundo-irene-howat","status":"publish","type":"product","link":"https:\/\/www.livrariarema.com.br\/loja\/produtos\/livros\/biografia\/10-meninas-que-mudaram-o-mundo-irene-howat\/","title":{"rendered":"10 Meninas Que Mudaram O Mundo &#8211; Irene Howat"},"content":{"rendered":"<p>Dez meninas foram capazes de fazer grandes mudan\u00e7as!<br \/>\nUma arrega\u00e7ou as mangas e ajudou os desamparados. Outra usou sua pr\u00f3pria casa para salvar a vida de muitas pessoas. Outra influenciou todo um continente. Outra ousou sonhar alto e tornou-se escritora. Outra sobreviveu a um acidente e, ainda hoje, realiza um lindo trabalho. E outras tiveram o prazer de ver seus filhos tornarem-se homens especialmente usados por Deus.<br \/>\nA leitura destas hist\u00f3rias fascinantes proporcionar\u00e1 a voc\u00ea momentos incr\u00edveis. O mesmo poder que motivou meninas como voc\u00ea a realizar coisas maravilhosas continua \u00e0 disposi\u00e7\u00e3o.<br \/>\n\u00c9 hora de mudar o mundo!<\/p>\n","protected":false},"excerpt":{"rendered":"<p>Dez meninas foram capazes de fazer grandes mudan\u00e7as! Uma arrega\u00e7ou as mangas e ajudou os desamparados. Outra usou sua pr\u00f3pria&hellip;<\/p>\n","protected":false},"featured_media":340573,"comment_status":"open","ping_status":"closed","template":"","meta":[],"product_cat":[181,134],"product_tag":[],"_links":{"self":[{"href":"https:\/\/www.livrariarema.com.br\/loja\/wp-json\/wp\/v2\/product\/322646"}],"collection":[{"href":"https:\/\/www.livrariarema.com.br\/loja\/wp-json\/wp\/v2\/product"}],"about":[{"href":"https:\/\/www.livrariarema.com.br\/loja\/wp-json\/wp\/v2\/types\/product"}],"replies":[{"embeddable":true,"href":"https:\/\/www.livrariarema.com.br\/loja\/wp-json\/wp\/v2\/comments?post=322646"}],"wp:featuredmedia":[{"embeddable":true,"href":"https:\/\/www.livrariarema.com.br\/loja\/wp-json\/wp\/v2\/media\/340573"}],"wp:attachment":[{"href":"https:\/\/www.livrariarema.com.br\/loja\/wp-json\/wp\/v2\/media?parent=322646"}],"wp:term":[{"taxonomy":"product_cat","embeddable":true,"href":"https:\/\/www.livrariarema.com.br\/loja\/wp-json\/wp\/v2\/product_cat?post=322646"},{"taxonomy":"product_tag","embeddable":true,"href":"https:\/\/www.livrariarema.com.br\/loja\/wp-json\/wp\/v2\/product_tag?post=322646"}],"curies":[{"name":"wp","href":"https:\/\/api.w.org\/{rel}","templated":true}]}}