{"id":322696,"date":"2024-11-14T11:32:07","date_gmt":"2024-11-14T14:32:07","guid":{"rendered":"https:\/\/www.livrariarema.com.br\/loja\/produtos\/sem%20categoria\/medalhao-perdido-o-bill-muir\/"},"modified":"2025-07-17T15:50:35","modified_gmt":"2025-07-17T18:50:35","slug":"medalhao-perdido-o-bill-muir","status":"publish","type":"product","link":"https:\/\/www.livrariarema.com.br\/loja\/produtos\/livros\/ficcao\/medalhao-perdido-o-bill-muir\/","title":{"rendered":"Medalh\u00e3o Perdido, O &#8211; Bill Muir"},"content":{"rendered":"<p>A lenda O medalh\u00e3o perdido assombrou a fam\u00edlia de Billy Stone por 200 anos. A busca do pai de Billy pelo tesouro arruinou sua carreira e seu relacionamento com o filho.  Quando o pr\u00f3prio Billy encontra o medalh\u00e3o, isso n\u00e3o significa o fim de seus problemas &#8211; era s\u00f3 o come\u00e7o.<\/p>\n<p>Em uma viagem no tempo, Billy e sua melhor amiga, Allie, precisam confrontar o mal que amea\u00e7a tanto o passado como o futuro deles. Para derrotar essa for\u00e7a das trevas, ser\u00e1 necess\u00e1rio buscar dentro deles a verdadeira Fonte de poder e for\u00e7a &#8211; ou nunca mais voltar\u00e3o para casa.<\/p>\n<p>Lan\u00e7ado pela Gra\u00e7a Editorial, o livro O medalh\u00e3o perdido, escrito por Bill Muir e Alex Kendrick, \u00e9 mais do que uma simples hist\u00f3ria sobre dois amigos em busca de um tesouro perdido. Esta aventura faz com que todos n\u00f3s relembremos que nossa import\u00e2ncia n\u00e3o est\u00e1 nas realiza\u00e7\u00f5es, na quantidade de amigos que temos nem nas etiquetas de nossas roupas. Ele revela que nossa import\u00e2ncia se encontra na seguinte verdade: Deus criou cada um de n\u00f3s com um maravilhoso &#8220;valor e prop\u00f3sito&#8221; e est\u00e1 pessoalmente envolvido em nossa vida.<\/p>\n<p>&#8220;Se tudo der certo, voc\u00ea perceber\u00e1 que esta n\u00e3o \u00e9 uma hist\u00f3ria t\u00e3o relacionada ao medalh\u00e3o perdido como o \u00e9 com a import\u00e2ncia perdida. Espero que, durante a leitura desta fant\u00e1stica aventura ao longo de uma maravilhosa ilha, voc\u00ea tamb\u00e9m experimente as poderosas verdades escondidas nela&#8221;, destaca Bill Muir.<\/p>\n<p>E acrescenta Alex Kendrick: &#8220;Meu desejo \u00e9 que sua fam\u00edlia goste tanto dele quanto a minha. Oro para que, por meio desta aventura, sua fam\u00edlia descubra e redescubra o maior tesouro de todos: o valor inestim\u00e1vel que Deus deu a cada um de sua vida&#8221;.<\/p>\n<p>Mais do que uma hist\u00f3ria, O medalh\u00e3o perdido \u00e9 uma narrativa sobre sacrif\u00edcio, bem versus mal e sobre como aprender que cada um de n\u00f3s \u00e9 um tesouro para Deus.<\/p>\n","protected":false},"excerpt":{"rendered":"<p>A lenda O medalh\u00e3o perdido assombrou a fam\u00edlia de Billy Stone por 200 anos. A busca do pai de Billy&hellip;<\/p>\n","protected":false},"featured_media":322947,"comment_status":"open","ping_status":"closed","template":"","meta":[],"product_cat":[162,134],"product_tag":[],"_links":{"self":[{"href":"https:\/\/www.livrariarema.com.br\/loja\/wp-json\/wp\/v2\/product\/322696"}],"collection":[{"href":"https:\/\/www.livrariarema.com.br\/loja\/wp-json\/wp\/v2\/product"}],"about":[{"href":"https:\/\/www.livrariarema.com.br\/loja\/wp-json\/wp\/v2\/types\/product"}],"replies":[{"embeddable":true,"href":"https:\/\/www.livrariarema.com.br\/loja\/wp-json\/wp\/v2\/comments?post=322696"}],"wp:featuredmedia":[{"embeddable":true,"href":"https:\/\/www.livrariarema.com.br\/loja\/wp-json\/wp\/v2\/media\/322947"}],"wp:attachment":[{"href":"https:\/\/www.livrariarema.com.br\/loja\/wp-json\/wp\/v2\/media?parent=322696"}],"wp:term":[{"taxonomy":"product_cat","embeddable":true,"href":"https:\/\/www.livrariarema.com.br\/loja\/wp-json\/wp\/v2\/product_cat?post=322696"},{"taxonomy":"product_tag","embeddable":true,"href":"https:\/\/www.livrariarema.com.br\/loja\/wp-json\/wp\/v2\/product_tag?post=322696"}],"curies":[{"name":"wp","href":"https:\/\/api.w.org\/{rel}","templated":true}]}}