{"id":322838,"date":"2024-11-23T08:55:59","date_gmt":"2024-11-23T11:55:59","guid":{"rendered":"https:\/\/www.livrariarema.com.br\/loja\/produtos\/sem categoria\/biblia-sagrada-midinho-o-pequeno-missionario\/"},"modified":"2026-03-14T10:50:32","modified_gmt":"2026-03-14T13:50:32","slug":"biblia-sagrada-midinho-o-pequeno-missionario","status":"publish","type":"product","link":"https:\/\/www.livrariarema.com.br\/loja\/produtos\/biblias\/infantil-biblias\/biblia-sagrada-midinho-o-pequeno-missionario\/","title":{"rendered":"B\u00edblia Sagrada Midinho &#8211; O Pequeno Mission\u00e1rio"},"content":{"rendered":"<p>A B\u00edblia Sagrada Midinho, O Pequeno Mission\u00e1rio leva a crian\u00e7a ao conhecimento das Escrituras, para que possa iniciar a sua jornada pela f\u00e9, e posteriormente, cumprir o Ide ordenado por Jesus Cristo (Marcos 16.15). Al\u00e9m do texto b\u00edblico na \u00edntegra, a obra cont\u00e9m encartes com vers\u00edculos e ilustra\u00e7\u00f5es dos personagens da Turma do Midinho. Suas p\u00e1ginas contam com o resumo de cada livro b\u00edblico, trechos das b\u00ean\u00e7\u00e3os de Deus, destacados em amarelo, e curiosidades. H\u00e1 um plano anual de leitura, que ajudar\u00e1 a crian\u00e7a a adquirir const\u00e2ncia na leitura da Palavra, de modo que possa incorporar esse precioso h\u00e1bito \u00e0 sua rotina.<\/p>\n<p>Recursos:<br \/>\nEncartes ilustrados<br \/>\nResumo dos livros da B\u00edblia<br \/>\nTrechos das b\u00ean\u00e7\u00e3os de Deus destacados<br \/>\nCuriosidades<br \/>\nHist\u00f3ria em quadrinhos<br \/>\nPlano anual de leitura<\/p>\n","protected":false},"excerpt":{"rendered":"<p>A B\u00edblia Sagrada Midinho, O Pequeno Mission\u00e1rio leva a crian\u00e7a ao conhecimento das Escrituras, para que possa iniciar a sua&hellip;<\/p>\n","protected":false},"featured_media":322837,"comment_status":"open","ping_status":"closed","template":"","meta":[],"product_cat":[139,202],"product_tag":[],"_links":{"self":[{"href":"https:\/\/www.livrariarema.com.br\/loja\/wp-json\/wp\/v2\/product\/322838"}],"collection":[{"href":"https:\/\/www.livrariarema.com.br\/loja\/wp-json\/wp\/v2\/product"}],"about":[{"href":"https:\/\/www.livrariarema.com.br\/loja\/wp-json\/wp\/v2\/types\/product"}],"replies":[{"embeddable":true,"href":"https:\/\/www.livrariarema.com.br\/loja\/wp-json\/wp\/v2\/comments?post=322838"}],"wp:featuredmedia":[{"embeddable":true,"href":"https:\/\/www.livrariarema.com.br\/loja\/wp-json\/wp\/v2\/media\/322837"}],"wp:attachment":[{"href":"https:\/\/www.livrariarema.com.br\/loja\/wp-json\/wp\/v2\/media?parent=322838"}],"wp:term":[{"taxonomy":"product_cat","embeddable":true,"href":"https:\/\/www.livrariarema.com.br\/loja\/wp-json\/wp\/v2\/product_cat?post=322838"},{"taxonomy":"product_tag","embeddable":true,"href":"https:\/\/www.livrariarema.com.br\/loja\/wp-json\/wp\/v2\/product_tag?post=322838"}],"curies":[{"name":"wp","href":"https:\/\/api.w.org\/{rel}","templated":true}]}}