{"id":322895,"date":"2024-11-23T09:02:55","date_gmt":"2024-11-23T12:02:55","guid":{"rendered":"https:\/\/www.livrariarema.com.br\/loja\/produtos\/sem categoria\/planner-estacoes-capa-jardim-viviane-martinello\/"},"modified":"2026-02-05T18:12:18","modified_gmt":"2026-02-05T21:12:18","slug":"planner-estacoes-capa-jardim-viviane-martinello","status":"publish","type":"product","link":"https:\/\/www.livrariarema.com.br\/loja\/produtos\/papelaria\/agenda\/planner-estacoes-capa-jardim-viviane-martinello\/","title":{"rendered":"Planner Esta\u00e7\u00f5es &#8211; Capa Jardim &#8211; Viviane Martinello"},"content":{"rendered":"<p>O Planner Esta\u00e7\u00f5es, by Viviane Martinello, \u00e9 um produto \u00fanico no mercado por unir tarefas do cotidiano, cuidado pessoal e familiar, espiritualidade e sa\u00fade. Al\u00e9m do tradicional espa\u00e7o para anota\u00e7\u00f5es de todas as suas tarefas, voc\u00ea encontrar\u00e1 guia de<br \/>\nautocuidado e autoconhecimento, direcionamento para tempo de qualidade com sua fam\u00edlia, espa\u00e7o para anota\u00e7\u00e3o de seu devocional, plano de leitura b\u00edblica e muito mais.<\/p>\n","protected":false},"excerpt":{"rendered":"<p>O Planner Esta\u00e7\u00f5es, by Viviane Martinello, \u00e9 um produto \u00fanico no mercado por unir tarefas do cotidiano, cuidado pessoal e&hellip;<\/p>\n","protected":false},"featured_media":328517,"comment_status":"open","ping_status":"closed","template":"","meta":[],"product_cat":[248,215],"product_tag":[],"_links":{"self":[{"href":"https:\/\/www.livrariarema.com.br\/loja\/wp-json\/wp\/v2\/product\/322895"}],"collection":[{"href":"https:\/\/www.livrariarema.com.br\/loja\/wp-json\/wp\/v2\/product"}],"about":[{"href":"https:\/\/www.livrariarema.com.br\/loja\/wp-json\/wp\/v2\/types\/product"}],"replies":[{"embeddable":true,"href":"https:\/\/www.livrariarema.com.br\/loja\/wp-json\/wp\/v2\/comments?post=322895"}],"wp:featuredmedia":[{"embeddable":true,"href":"https:\/\/www.livrariarema.com.br\/loja\/wp-json\/wp\/v2\/media\/328517"}],"wp:attachment":[{"href":"https:\/\/www.livrariarema.com.br\/loja\/wp-json\/wp\/v2\/media?parent=322895"}],"wp:term":[{"taxonomy":"product_cat","embeddable":true,"href":"https:\/\/www.livrariarema.com.br\/loja\/wp-json\/wp\/v2\/product_cat?post=322895"},{"taxonomy":"product_tag","embeddable":true,"href":"https:\/\/www.livrariarema.com.br\/loja\/wp-json\/wp\/v2\/product_tag?post=322895"}],"curies":[{"name":"wp","href":"https:\/\/api.w.org\/{rel}","templated":true}]}}