{"id":323022,"date":"2024-11-23T14:38:56","date_gmt":"2024-11-23T17:38:56","guid":{"rendered":"https:\/\/www.livrariarema.com.br\/loja\/produtos\/sem categoria\/forja-a-estudo-biblico\/"},"modified":"2026-02-23T15:46:01","modified_gmt":"2026-02-23T18:46:01","slug":"forja-a-estudo-biblico","status":"publish","type":"product","link":"https:\/\/www.livrariarema.com.br\/loja\/produtos\/livros\/estudo-biblico\/forja-a-estudo-biblico\/","title":{"rendered":"Forja, A &#8211; Estudo B\u00edblico"},"content":{"rendered":"<p>Nos \u00faltimos tr\u00eas anos de sua vida terrena, Jesus investiu profundamente na vida de doze homens. Ele os viu, chamou-os, ensinou-os, salvou-os e ent\u00e3o os enviou ao mundo para testemunhar o que Ele havia ensinado e feito por eles. <br \/>\nEste estudo de grupo de cinco semanas utiliza trechos destacados do filme A FORJA para despertar uma paix\u00e3o para conhecer pessoalmente a Cristo, segui-Lo sacrificialmente e continuamente, obedec\u00ea-Lo voluntariamente e ajudar outros a se tornarem disc\u00edpulos de Cristo. <br \/>\nSe Jesus concentrou seu tempo e aten\u00e7\u00e3o em andar com Deus e fazer disc\u00edpulos, n\u00f3s tamb\u00e9m n\u00e3o dever\u00edamos? Um estudo b\u00edblico sobre discipulado<\/p>\n","protected":false},"excerpt":{"rendered":"<p>Nos \u00faltimos tr\u00eas anos de sua vida terrena, Jesus investiu profundamente na vida de doze homens. Ele os viu, chamou-os,&hellip;<\/p>\n","protected":false},"featured_media":345185,"comment_status":"open","ping_status":"closed","template":"","meta":[],"product_cat":[161,134],"product_tag":[],"_links":{"self":[{"href":"https:\/\/www.livrariarema.com.br\/loja\/wp-json\/wp\/v2\/product\/323022"}],"collection":[{"href":"https:\/\/www.livrariarema.com.br\/loja\/wp-json\/wp\/v2\/product"}],"about":[{"href":"https:\/\/www.livrariarema.com.br\/loja\/wp-json\/wp\/v2\/types\/product"}],"replies":[{"embeddable":true,"href":"https:\/\/www.livrariarema.com.br\/loja\/wp-json\/wp\/v2\/comments?post=323022"}],"wp:featuredmedia":[{"embeddable":true,"href":"https:\/\/www.livrariarema.com.br\/loja\/wp-json\/wp\/v2\/media\/345185"}],"wp:attachment":[{"href":"https:\/\/www.livrariarema.com.br\/loja\/wp-json\/wp\/v2\/media?parent=323022"}],"wp:term":[{"taxonomy":"product_cat","embeddable":true,"href":"https:\/\/www.livrariarema.com.br\/loja\/wp-json\/wp\/v2\/product_cat?post=323022"},{"taxonomy":"product_tag","embeddable":true,"href":"https:\/\/www.livrariarema.com.br\/loja\/wp-json\/wp\/v2\/product_tag?post=323022"}],"curies":[{"name":"wp","href":"https:\/\/api.w.org\/{rel}","templated":true}]}}