{"id":323024,"date":"2024-11-23T14:39:03","date_gmt":"2024-11-23T17:39:03","guid":{"rendered":"https:\/\/www.livrariarema.com.br\/loja\/produtos\/sem categoria\/forja-a-conte-comigo-a-ousada-vida-de-um-seguidor-de-jesus\/"},"modified":"2026-02-23T15:46:12","modified_gmt":"2026-02-23T18:46:12","slug":"forja-a-conte-comigo-a-ousada-vida-de-um-seguidor-de-jesus","status":"publish","type":"product","link":"https:\/\/www.livrariarema.com.br\/loja\/produtos\/livros\/discipulado\/forja-a-conte-comigo-a-ousada-vida-de-um-seguidor-de-jesus\/","title":{"rendered":"Forja, A &#8211; Conte Comigo &#8211; A Ousada Vida De Um Seguidor De Jesus"},"content":{"rendered":"<p>Os estudantes de hoje s\u00e3o constantemente atra\u00eddos para uma vida de confus\u00e3o e cren\u00e7as superficiais . Mas Jesus Cristo os chama para algo maior do que tudo o que este mundo pode oferecer. Ele oferece a vida eterna que inclui um relacionamento vivo com Deus, um compromisso radical com a verdade, e uma vida de amor, compaix\u00e3o e prop\u00f3sito. Uma vida radical que importa tanto agora quanto na eternidade . Conte Comigo guia os estudantes atrav\u00e9s de todo o Evangelho de Lucas e do convite ousado de Jesus para segui-Lo diariamente, obedec\u00ea-Lo fielmente e confiar Nele completamente. Os cap\u00edtulos se concentram em oito elementos importantes do discipulado, desde o estudo das Escrituras at\u00e9 compartilhar Jesus com outras pessoas. Os estudantes ser\u00e3o desafiados com quest\u00f5es como:<br \/>\n&#8211; Eu valorizo os relacionamentos certos ?<br \/>\n&#8211; Tenho uma perspectiva saud\u00e1vel das minhas coisas terrenas ?<br \/>\n&#8211; Permito que tenta\u00e7\u00f5es e pecados bloqueiem meu crescimento espiritual? <br \/>\n&#8211; Tenho um plano para manter minha vida intencionalmente fundamentada em Cristo?<\/p>\n<p>Incluindo perguntas de reflex\u00e3o e guias de debate, este livro pode ser usado facilmente por leitores individuais ou em estudos em grupo. Os estudantes devem sentir-se inspirados a realizar um estudo mais pro &#8211; fundo das Escrituras e desafiados a levar a s\u00e9rio o chamado de Cristo ao discipulado em suas pr\u00f3prias vidas .<\/p>\n<p>Assim como Jesus escolheu jovens seguidores no primeiro s\u00e9culo Ele convida a gera\u00e7\u00e3o de jovens de hoje a segui-Lo agora. Conhec\u00ea-Lo, am\u00e1-Lo e faz\u00ea-Lo conhecido. Entregar-se e coloc\u00e1-Lo em primeiro lugar em todas as \u00e1reas da sua vida. Fazer parte da mensagem Dele e da Sua miss\u00e3o \u00e0s na\u00e7\u00f5es. Conte Comigo vai encorajar os estudantes a ouvirem o incr\u00edvel chamado de Jesus e a viverem corajosamente sua f\u00e9 todos os dias .<\/p>\n","protected":false},"excerpt":{"rendered":"<p>Os estudantes de hoje s\u00e3o constantemente atra\u00eddos para uma vida de confus\u00e3o e cren\u00e7as superficiais . Mas Jesus Cristo os&hellip;<\/p>\n","protected":false},"featured_media":345186,"comment_status":"open","ping_status":"closed","template":"","meta":[],"product_cat":[168,134],"product_tag":[],"_links":{"self":[{"href":"https:\/\/www.livrariarema.com.br\/loja\/wp-json\/wp\/v2\/product\/323024"}],"collection":[{"href":"https:\/\/www.livrariarema.com.br\/loja\/wp-json\/wp\/v2\/product"}],"about":[{"href":"https:\/\/www.livrariarema.com.br\/loja\/wp-json\/wp\/v2\/types\/product"}],"replies":[{"embeddable":true,"href":"https:\/\/www.livrariarema.com.br\/loja\/wp-json\/wp\/v2\/comments?post=323024"}],"wp:featuredmedia":[{"embeddable":true,"href":"https:\/\/www.livrariarema.com.br\/loja\/wp-json\/wp\/v2\/media\/345186"}],"wp:attachment":[{"href":"https:\/\/www.livrariarema.com.br\/loja\/wp-json\/wp\/v2\/media?parent=323024"}],"wp:term":[{"taxonomy":"product_cat","embeddable":true,"href":"https:\/\/www.livrariarema.com.br\/loja\/wp-json\/wp\/v2\/product_cat?post=323024"},{"taxonomy":"product_tag","embeddable":true,"href":"https:\/\/www.livrariarema.com.br\/loja\/wp-json\/wp\/v2\/product_tag?post=323024"}],"curies":[{"name":"wp","href":"https:\/\/api.w.org\/{rel}","templated":true}]}}