{"id":323026,"date":"2024-11-23T14:39:09","date_gmt":"2024-11-23T17:39:09","guid":{"rendered":"https:\/\/www.livrariarema.com.br\/loja\/produtos\/sem categoria\/forja-a-eu-entrego-tudo\/"},"modified":"2026-02-23T15:46:18","modified_gmt":"2026-02-23T18:46:18","slug":"forja-a-eu-entrego-tudo","status":"publish","type":"product","link":"https:\/\/www.livrariarema.com.br\/loja\/produtos\/livros\/discipulado\/forja-a-eu-entrego-tudo\/","title":{"rendered":"Forja, A &#8211; Eu Entrego Tudo"},"content":{"rendered":"<p>De Priscilla Shirer vem este apelo fervoroso e o convite para voc\u00ea entregar tudo a Jesus. Seguir a Ele n\u00e3o apenas como seu Salvador, mas como sua prioridade, seu primeiro amor, seu Senhor. Ir al\u00e9m de ser apenas um crente para se tornar um verdadeiro disc\u00edpulo. Porque h\u00e1 uma diferen\u00e7a. A salva\u00e7\u00e3o \u00e9 um presente de Deus. <br \/>\n\u00c9 gratuita. \u00c9 gra\u00e7a. \u00c9 a cruz. O discipulado, por outro lado, tem um alto custo. \u00c9 entrega. \u00c9 esfor\u00e7o. \u00c9 uma escolha di\u00e1ria de sacrificar sua vida e seguir a Dele. <br \/>\nPoucos crentes optam por este caminho, mas aqueles que o fazem experimentar\u00e3o a abund\u00e2ncia que s\u00f3 a vida entregue pode oferecer. \u00c9 a \u00fanica escolha que est\u00e1 entre voc\u00ea e a vida de liberdade, realiza\u00e7\u00e3o, paz e prop\u00f3sito que sempre desejou. <br \/>\nEu Entrego Tudo trata exatamente dessa escolha. A escolha que muda tudo. Este livro n\u00e3o ser\u00e1 apenas para ser lido, mas ele o desafia a tomar uma decis\u00e3o sobre que tipo de crist\u00e3o voc\u00ea ser\u00e1. Prepare-se para se envolver, escrever, orar e ser chamado para uma vida de entrega. Uma vida abundante. Uma vida de disc\u00edpulo.<\/p>\n","protected":false},"excerpt":{"rendered":"<p>De Priscilla Shirer vem este apelo fervoroso e o convite para voc\u00ea entregar tudo a Jesus. Seguir a Ele n\u00e3o&hellip;<\/p>\n","protected":false},"featured_media":345187,"comment_status":"open","ping_status":"closed","template":"","meta":[],"product_cat":[168,134],"product_tag":[],"_links":{"self":[{"href":"https:\/\/www.livrariarema.com.br\/loja\/wp-json\/wp\/v2\/product\/323026"}],"collection":[{"href":"https:\/\/www.livrariarema.com.br\/loja\/wp-json\/wp\/v2\/product"}],"about":[{"href":"https:\/\/www.livrariarema.com.br\/loja\/wp-json\/wp\/v2\/types\/product"}],"replies":[{"embeddable":true,"href":"https:\/\/www.livrariarema.com.br\/loja\/wp-json\/wp\/v2\/comments?post=323026"}],"wp:featuredmedia":[{"embeddable":true,"href":"https:\/\/www.livrariarema.com.br\/loja\/wp-json\/wp\/v2\/media\/345187"}],"wp:attachment":[{"href":"https:\/\/www.livrariarema.com.br\/loja\/wp-json\/wp\/v2\/media?parent=323026"}],"wp:term":[{"taxonomy":"product_cat","embeddable":true,"href":"https:\/\/www.livrariarema.com.br\/loja\/wp-json\/wp\/v2\/product_cat?post=323026"},{"taxonomy":"product_tag","embeddable":true,"href":"https:\/\/www.livrariarema.com.br\/loja\/wp-json\/wp\/v2\/product_tag?post=323026"}],"curies":[{"name":"wp","href":"https:\/\/api.w.org\/{rel}","templated":true}]}}