{"id":323028,"date":"2024-11-23T14:39:15","date_gmt":"2024-11-23T17:39:15","guid":{"rendered":"https:\/\/www.livrariarema.com.br\/loja\/produtos\/sem categoria\/forja-a-completamente-dedicado-estudo-biblico\/"},"modified":"2026-02-23T15:46:25","modified_gmt":"2026-02-23T18:46:25","slug":"forja-a-completamente-dedicado-estudo-biblico","status":"publish","type":"product","link":"https:\/\/www.livrariarema.com.br\/loja\/produtos\/livros\/estudo-biblico\/forja-a-completamente-dedicado-estudo-biblico\/","title":{"rendered":"Forja, A &#8211; Completamente Dedicado &#8211; Estudo B\u00edblico"},"content":{"rendered":"<p>Passe de acreditar para seguir. Nem todos os que acreditam em Cristo s\u00e3o verdadeiros disc\u00edpulos. Embora a salva\u00e7\u00e3o seja um presente de Deus, ser disc\u00edpulo de Jesus requer uma disposi\u00e7\u00e3o radical de entregar tudo a Ele. Este estudo impactante de oito sess\u00f5es o guiar\u00e1 atrav\u00e9s do convite de Jesus para vir a Ele como voc\u00ea \u00e9, confiar Nele com sua f\u00e9, entregar-se a Ele de cora\u00e7\u00e3o, seguir Sua vida, e ent\u00e3o, intencionalmente, fazer outros seguirem a Jesus tamb\u00e9m<\/p>\n","protected":false},"excerpt":{"rendered":"<p>Passe de acreditar para seguir. Nem todos os que acreditam em Cristo s\u00e3o verdadeiros disc\u00edpulos. Embora a salva\u00e7\u00e3o seja um&hellip;<\/p>\n","protected":false},"featured_media":345188,"comment_status":"open","ping_status":"closed","template":"","meta":[],"product_cat":[161,134],"product_tag":[],"_links":{"self":[{"href":"https:\/\/www.livrariarema.com.br\/loja\/wp-json\/wp\/v2\/product\/323028"}],"collection":[{"href":"https:\/\/www.livrariarema.com.br\/loja\/wp-json\/wp\/v2\/product"}],"about":[{"href":"https:\/\/www.livrariarema.com.br\/loja\/wp-json\/wp\/v2\/types\/product"}],"replies":[{"embeddable":true,"href":"https:\/\/www.livrariarema.com.br\/loja\/wp-json\/wp\/v2\/comments?post=323028"}],"wp:featuredmedia":[{"embeddable":true,"href":"https:\/\/www.livrariarema.com.br\/loja\/wp-json\/wp\/v2\/media\/345188"}],"wp:attachment":[{"href":"https:\/\/www.livrariarema.com.br\/loja\/wp-json\/wp\/v2\/media?parent=323028"}],"wp:term":[{"taxonomy":"product_cat","embeddable":true,"href":"https:\/\/www.livrariarema.com.br\/loja\/wp-json\/wp\/v2\/product_cat?post=323028"},{"taxonomy":"product_tag","embeddable":true,"href":"https:\/\/www.livrariarema.com.br\/loja\/wp-json\/wp\/v2\/product_tag?post=323028"}],"curies":[{"name":"wp","href":"https:\/\/api.w.org\/{rel}","templated":true}]}}