{"id":323030,"date":"2024-11-23T14:39:22","date_gmt":"2024-11-23T17:39:22","guid":{"rendered":"https:\/\/www.livrariarema.com.br\/loja\/produtos\/sem%20categoria\/forja-a-dedicado-a-jesus\/"},"modified":"2026-02-23T15:46:30","modified_gmt":"2026-02-23T18:46:30","slug":"forja-a-dedicado-a-jesus","status":"publish","type":"product","link":"https:\/\/www.livrariarema.com.br\/loja\/produtos\/livros\/discipulado\/forja-a-dedicado-a-jesus\/","title":{"rendered":"Forja, A &#8211; Dedicado A Jesus"},"content":{"rendered":"<p>Jesus come\u00e7ou seu minist\u00e9rio dizendo: &#8220;Venham, sigam-me&#8221;, e o concluiu dizendo: &#8220;V\u00e3o e fa\u00e7am disc\u00edpulos&#8221;. Entre esses dois desafios, seus seguidores aprenderam que podiam confiar completamente nele em todas as \u00e1reas de suas vidas. Da equipe de escritores dos livros de O Desafio de Amar e O Plano de Batalha para a Ora\u00e7\u00e3o, e dos produtores do filme A Forja, Quarto de Guerra e Prova de Fogo, chega um recurso emocionante para qualquer pessoa que deseje crescer espiritualmente e se tornar um seguidor fervoroso e comprometido de Jesus. Voc\u00ea j\u00e1 foi discipulado pessoalmente?<br \/>\n Deseja se aproximar mais de Jesus, mas gostaria que algu\u00e9m lhe mostrasse como?<br \/>\n Como sua f\u00e9 pode se tornar um relacionamento din\u00e2mico em vez de um dever religioso? <br \/>\nQuais s\u00e3o as chaves para a certeza da salva\u00e7\u00e3o, permanecer em Cristo, orar com efic\u00e1cia, superar prova\u00e7\u00f5es e amar profundamente os outros? <br \/>\nRepleto de cinquenta e dois cap\u00edtulos tem\u00e1ticos &#8211; ideais para leitura di\u00e1ria ou semanal &#8211; e apresentado com clareza renovadora, Dedicado a Jesus foi desenvolvido para ajudar, tanto novos quanto crist\u00e3os maduros, crescerem juntos. <br \/>\nEsta \u00e9 uma jornada que voc\u00ea primeiro desejar\u00e1 experimentar por si mesmo e, em seguida, utilizar para investir na vida de outras pessoas. Eles aprenderam primeiro a ser seus disc\u00edpulos, depois ajudaram outros como formadores de disc\u00edpulos . . . e voc\u00ea tamb\u00e9m pode.<\/p>\n","protected":false},"excerpt":{"rendered":"<p>Jesus come\u00e7ou seu minist\u00e9rio dizendo: &#8220;Venham, sigam-me&#8221;, e o concluiu dizendo: &#8220;V\u00e3o e fa\u00e7am disc\u00edpulos&#8221;. Entre esses dois desafios, seus&hellip;<\/p>\n","protected":false},"featured_media":345189,"comment_status":"open","ping_status":"closed","template":"","meta":[],"product_cat":[168,134],"product_tag":[],"_links":{"self":[{"href":"https:\/\/www.livrariarema.com.br\/loja\/wp-json\/wp\/v2\/product\/323030"}],"collection":[{"href":"https:\/\/www.livrariarema.com.br\/loja\/wp-json\/wp\/v2\/product"}],"about":[{"href":"https:\/\/www.livrariarema.com.br\/loja\/wp-json\/wp\/v2\/types\/product"}],"replies":[{"embeddable":true,"href":"https:\/\/www.livrariarema.com.br\/loja\/wp-json\/wp\/v2\/comments?post=323030"}],"wp:featuredmedia":[{"embeddable":true,"href":"https:\/\/www.livrariarema.com.br\/loja\/wp-json\/wp\/v2\/media\/345189"}],"wp:attachment":[{"href":"https:\/\/www.livrariarema.com.br\/loja\/wp-json\/wp\/v2\/media?parent=323030"}],"wp:term":[{"taxonomy":"product_cat","embeddable":true,"href":"https:\/\/www.livrariarema.com.br\/loja\/wp-json\/wp\/v2\/product_cat?post=323030"},{"taxonomy":"product_tag","embeddable":true,"href":"https:\/\/www.livrariarema.com.br\/loja\/wp-json\/wp\/v2\/product_tag?post=323030"}],"curies":[{"name":"wp","href":"https:\/\/api.w.org\/{rel}","templated":true}]}}