{"id":323032,"date":"2024-11-23T14:39:27","date_gmt":"2024-11-23T17:39:27","guid":{"rendered":"https:\/\/www.livrariarema.com.br\/loja\/produtos\/sem categoria\/biblia-para-minecrafters-brochura\/"},"modified":"2026-02-23T15:46:35","modified_gmt":"2026-02-23T18:46:35","slug":"biblia-para-minecrafters-brochura","status":"publish","type":"product","link":"https:\/\/www.livrariarema.com.br\/loja\/produtos\/livros\/manga-hq\/biblia-para-minecrafters-brochura\/","title":{"rendered":"B\u00edblia Para Minecrafters &#8211; Brochura"},"content":{"rendered":"<p>O INCR\u00cdVEL MUNDO DA B\u00cdBLIA TRAZIDO AT\u00c9 VOC\u00ca POR DOIS MESTRES CONSTRUTORES DO MINECRAFT.<\/p>\n<p>Entre em um mundo &#8211; cheio de perguntas interessantes, perigosas e milagres. V\u00e1 at\u00e9 o Jardim do \u00c9den e veja cachoeiras abundantes e paisagens exuberantes, acompanhe No\u00e9 na constru\u00e7\u00e3o da sua arca; veja a divis\u00e3o do Mar Vermelho, assista aos blocos dos muros de Jeric\u00f3 serem quebrados, testemunhe Jesus realizando os milagres &#8211; todos criados em Minecraft\u00ae!<\/p>\n<p>Nessa edi\u00e7\u00e3o brasileira, as hist\u00f3rias da B\u00edblia s\u00e3o recontadas em formas de blocos, capturando as aventuras t\u00e3o conhecidas de tirar o f\u00f4lego.<\/p>\n","protected":false},"excerpt":{"rendered":"<p>O INCR\u00cdVEL MUNDO DA B\u00cdBLIA TRAZIDO AT\u00c9 VOC\u00ca POR DOIS MESTRES CONSTRUTORES DO MINECRAFT. Entre em um mundo &#8211; cheio&hellip;<\/p>\n","protected":false},"featured_media":345190,"comment_status":"open","ping_status":"closed","template":"","meta":[],"product_cat":[134,189],"product_tag":[],"_links":{"self":[{"href":"https:\/\/www.livrariarema.com.br\/loja\/wp-json\/wp\/v2\/product\/323032"}],"collection":[{"href":"https:\/\/www.livrariarema.com.br\/loja\/wp-json\/wp\/v2\/product"}],"about":[{"href":"https:\/\/www.livrariarema.com.br\/loja\/wp-json\/wp\/v2\/types\/product"}],"replies":[{"embeddable":true,"href":"https:\/\/www.livrariarema.com.br\/loja\/wp-json\/wp\/v2\/comments?post=323032"}],"wp:featuredmedia":[{"embeddable":true,"href":"https:\/\/www.livrariarema.com.br\/loja\/wp-json\/wp\/v2\/media\/345190"}],"wp:attachment":[{"href":"https:\/\/www.livrariarema.com.br\/loja\/wp-json\/wp\/v2\/media?parent=323032"}],"wp:term":[{"taxonomy":"product_cat","embeddable":true,"href":"https:\/\/www.livrariarema.com.br\/loja\/wp-json\/wp\/v2\/product_cat?post=323032"},{"taxonomy":"product_tag","embeddable":true,"href":"https:\/\/www.livrariarema.com.br\/loja\/wp-json\/wp\/v2\/product_tag?post=323032"}],"curies":[{"name":"wp","href":"https:\/\/api.w.org\/{rel}","templated":true}]}}