{"id":323190,"date":"2024-11-25T14:33:31","date_gmt":"2024-11-25T17:33:31","guid":{"rendered":"https:\/\/www.livrariarema.com.br\/loja\/produtos\/sem categoria\/arc65h-biblia-slim-com-harpa-azul-nobre\/"},"modified":"2025-12-23T12:01:23","modified_gmt":"2025-12-23T15:01:23","slug":"arc65h-biblia-slim-com-harpa-azul-nobre","status":"publish","type":"product","link":"https:\/\/www.livrariarema.com.br\/loja\/produtos\/biblias\/revista-corrigida-com-harpa\/arc65h-biblia-slim-com-harpa-azul-nobre\/","title":{"rendered":"Arc65h &#8211; B\u00edblia Slim Com Harpa &#8211; Azul Nobre"},"content":{"rendered":"<p>B\u00edblia Sagrada Ultrafina com Harpa Crist\u00e3.<\/p>\n","protected":false},"excerpt":{"rendered":"<p>B\u00edblia Sagrada Ultrafina com Harpa Crist\u00e3.<\/p>\n","protected":false},"featured_media":338328,"comment_status":"open","ping_status":"closed","template":"","meta":[],"product_cat":[139,151],"product_tag":[],"_links":{"self":[{"href":"https:\/\/www.livrariarema.com.br\/loja\/wp-json\/wp\/v2\/product\/323190"}],"collection":[{"href":"https:\/\/www.livrariarema.com.br\/loja\/wp-json\/wp\/v2\/product"}],"about":[{"href":"https:\/\/www.livrariarema.com.br\/loja\/wp-json\/wp\/v2\/types\/product"}],"replies":[{"embeddable":true,"href":"https:\/\/www.livrariarema.com.br\/loja\/wp-json\/wp\/v2\/comments?post=323190"}],"wp:featuredmedia":[{"embeddable":true,"href":"https:\/\/www.livrariarema.com.br\/loja\/wp-json\/wp\/v2\/media\/338328"}],"wp:attachment":[{"href":"https:\/\/www.livrariarema.com.br\/loja\/wp-json\/wp\/v2\/media?parent=323190"}],"wp:term":[{"taxonomy":"product_cat","embeddable":true,"href":"https:\/\/www.livrariarema.com.br\/loja\/wp-json\/wp\/v2\/product_cat?post=323190"},{"taxonomy":"product_tag","embeddable":true,"href":"https:\/\/www.livrariarema.com.br\/loja\/wp-json\/wp\/v2\/product_tag?post=323190"}],"curies":[{"name":"wp","href":"https:\/\/api.w.org\/{rel}","templated":true}]}}