{"id":323389,"date":"2024-12-01T13:58:38","date_gmt":"2024-12-01T16:58:38","guid":{"rendered":"https:\/\/www.livrariarema.com.br\/loja\/produtos\/sem categoria\/arc064hzlglv-biblia-com-harpa-letra-grande-ziper-rosa-claro\/"},"modified":"2026-02-10T12:12:24","modified_gmt":"2026-02-10T15:12:24","slug":"arc064hzlglv-biblia-com-harpa-letra-grande-ziper-rosa-claro","status":"publish","type":"product","link":"https:\/\/www.livrariarema.com.br\/loja\/produtos\/biblias\/revista-corrigida-com-harpa\/arc064hzlglv-biblia-com-harpa-letra-grande-ziper-rosa-claro\/","title":{"rendered":"Arc064hzlglv &#8211; B\u00edblia Com Harpa &#8211; Letra Grande &#8211; Z\u00edper &#8211; Rosa Claro"},"content":{"rendered":"<p>B\u00edblia Sagrada com palavras de Jesus impressas em vermelho e Harpa Crist\u00e3.<\/p>\n","protected":false},"excerpt":{"rendered":"<p>B\u00edblia Sagrada com palavras de Jesus impressas em vermelho e Harpa Crist\u00e3.<\/p>\n","protected":false},"featured_media":332585,"comment_status":"open","ping_status":"closed","template":"","meta":[],"product_cat":[139,151],"product_tag":[],"_links":{"self":[{"href":"https:\/\/www.livrariarema.com.br\/loja\/wp-json\/wp\/v2\/product\/323389"}],"collection":[{"href":"https:\/\/www.livrariarema.com.br\/loja\/wp-json\/wp\/v2\/product"}],"about":[{"href":"https:\/\/www.livrariarema.com.br\/loja\/wp-json\/wp\/v2\/types\/product"}],"replies":[{"embeddable":true,"href":"https:\/\/www.livrariarema.com.br\/loja\/wp-json\/wp\/v2\/comments?post=323389"}],"wp:featuredmedia":[{"embeddable":true,"href":"https:\/\/www.livrariarema.com.br\/loja\/wp-json\/wp\/v2\/media\/332585"}],"wp:attachment":[{"href":"https:\/\/www.livrariarema.com.br\/loja\/wp-json\/wp\/v2\/media?parent=323389"}],"wp:term":[{"taxonomy":"product_cat","embeddable":true,"href":"https:\/\/www.livrariarema.com.br\/loja\/wp-json\/wp\/v2\/product_cat?post=323389"},{"taxonomy":"product_tag","embeddable":true,"href":"https:\/\/www.livrariarema.com.br\/loja\/wp-json\/wp\/v2\/product_tag?post=323389"}],"curies":[{"name":"wp","href":"https:\/\/api.w.org\/{rel}","templated":true}]}}