{"id":323479,"date":"2024-12-01T14:41:27","date_gmt":"2024-12-01T17:41:27","guid":{"rendered":"https:\/\/www.livrariarema.com.br\/loja\/produtos\/sem categoria\/na63-biblia-letra-normal-capa-dura-preta\/"},"modified":"2026-04-29T16:20:37","modified_gmt":"2026-04-29T19:20:37","slug":"na63-biblia-letra-normal-capa-dura-preta","status":"publish","type":"product","link":"https:\/\/www.livrariarema.com.br\/loja\/produtos\/biblias\/nova-almeida-atualizada\/na63-biblia-letra-normal-capa-dura-preta\/","title":{"rendered":"Na63 &#8211; B\u00edblia &#8211; Letra Normal &#8211; Capa Dura Preta"},"content":{"rendered":"<p>Com um visual moderno e atual, capa dura e texto b\u00edblico na Nova Almeida Atualizada (NAA), essa edi\u00e7\u00e3o \u00e9 indicada especialmente para o p\u00fablico jovem.<\/p>\n","protected":false},"excerpt":{"rendered":"<p>Com um visual moderno e atual, capa dura e texto b\u00edblico na Nova Almeida Atualizada (NAA), essa edi\u00e7\u00e3o \u00e9 indicada&hellip;<\/p>\n","protected":false},"featured_media":343725,"comment_status":"open","ping_status":"closed","template":"","meta":[],"product_cat":[139,174],"product_tag":[],"_links":{"self":[{"href":"https:\/\/www.livrariarema.com.br\/loja\/wp-json\/wp\/v2\/product\/323479"}],"collection":[{"href":"https:\/\/www.livrariarema.com.br\/loja\/wp-json\/wp\/v2\/product"}],"about":[{"href":"https:\/\/www.livrariarema.com.br\/loja\/wp-json\/wp\/v2\/types\/product"}],"replies":[{"embeddable":true,"href":"https:\/\/www.livrariarema.com.br\/loja\/wp-json\/wp\/v2\/comments?post=323479"}],"wp:featuredmedia":[{"embeddable":true,"href":"https:\/\/www.livrariarema.com.br\/loja\/wp-json\/wp\/v2\/media\/343725"}],"wp:attachment":[{"href":"https:\/\/www.livrariarema.com.br\/loja\/wp-json\/wp\/v2\/media?parent=323479"}],"wp:term":[{"taxonomy":"product_cat","embeddable":true,"href":"https:\/\/www.livrariarema.com.br\/loja\/wp-json\/wp\/v2\/product_cat?post=323479"},{"taxonomy":"product_tag","embeddable":true,"href":"https:\/\/www.livrariarema.com.br\/loja\/wp-json\/wp\/v2\/product_tag?post=323479"}],"curies":[{"name":"wp","href":"https:\/\/api.w.org\/{rel}","templated":true}]}}