{"id":323628,"date":"2024-12-01T15:34:12","date_gmt":"2024-12-01T18:34:12","guid":{"rendered":"https:\/\/www.livrariarema.com.br\/loja\/produtos\/sem categoria\/arc065cdilglv-biblia-do-obreiro-concordancia-e-dicionario-preto\/"},"modified":"2026-03-13T13:31:58","modified_gmt":"2026-03-13T16:31:58","slug":"arc065cdilglv-biblia-do-obreiro-concordancia-e-dicionario-preto","status":"publish","type":"product","link":"https:\/\/www.livrariarema.com.br\/loja\/produtos\/biblias\/estudo\/arc065cdilglv-biblia-do-obreiro-concordancia-e-dicionario-preto\/","title":{"rendered":"Arc065cdilglv &#8211; B\u00edblia Do Obreiro &#8211; Concord\u00e2ncia E Dicion\u00e1rio &#8211; Preto"},"content":{"rendered":"<p>Com letra grande e uma s\u00e9rie de recursos, esta B\u00edblia re\u00fane as principais ferramentas necess\u00e1rias para a realiza\u00e7\u00e3o do trabalho do obreiro. Esta \u00e9 uma ferramenta fundamental para o dia-a-dia de todos aqueles que trabalham na Obra de Deus. Al\u00e9m do texto da B\u00edblia Sagrada na vers\u00e3o Revista e Corrigida, a B\u00edblia do Obreiro cont\u00e9m um conjunto de ferramentas essenciais como dicion\u00e1rio, concord\u00e2ncia b\u00edblica, leituras para dias especiais e cerim\u00f4nias, que fazem desta B\u00edblia a mais completa do g\u00eanero no mercado.<\/p>\n","protected":false},"excerpt":{"rendered":"<p>Com letra grande e uma s\u00e9rie de recursos, esta B\u00edblia re\u00fane as principais ferramentas necess\u00e1rias para a realiza\u00e7\u00e3o do trabalho&hellip;<\/p>\n","protected":false},"featured_media":343839,"comment_status":"open","ping_status":"closed","template":"","meta":[],"product_cat":[139,140],"product_tag":[],"_links":{"self":[{"href":"https:\/\/www.livrariarema.com.br\/loja\/wp-json\/wp\/v2\/product\/323628"}],"collection":[{"href":"https:\/\/www.livrariarema.com.br\/loja\/wp-json\/wp\/v2\/product"}],"about":[{"href":"https:\/\/www.livrariarema.com.br\/loja\/wp-json\/wp\/v2\/types\/product"}],"replies":[{"embeddable":true,"href":"https:\/\/www.livrariarema.com.br\/loja\/wp-json\/wp\/v2\/comments?post=323628"}],"wp:featuredmedia":[{"embeddable":true,"href":"https:\/\/www.livrariarema.com.br\/loja\/wp-json\/wp\/v2\/media\/343839"}],"wp:attachment":[{"href":"https:\/\/www.livrariarema.com.br\/loja\/wp-json\/wp\/v2\/media?parent=323628"}],"wp:term":[{"taxonomy":"product_cat","embeddable":true,"href":"https:\/\/www.livrariarema.com.br\/loja\/wp-json\/wp\/v2\/product_cat?post=323628"},{"taxonomy":"product_tag","embeddable":true,"href":"https:\/\/www.livrariarema.com.br\/loja\/wp-json\/wp\/v2\/product_tag?post=323628"}],"curies":[{"name":"wp","href":"https:\/\/api.w.org\/{rel}","templated":true}]}}