{"id":323643,"date":"2024-12-01T15:59:45","date_gmt":"2024-12-01T18:59:45","guid":{"rendered":"https:\/\/www.livrariarema.com.br\/loja\/produtos\/sem categoria\/na065lgi-biblia-letra-gigante-marrom-lama-fosco\/"},"modified":"2026-04-23T15:20:57","modified_gmt":"2026-04-23T18:20:57","slug":"na065lgi-biblia-letra-gigante-marrom-lama-fosco","status":"publish","type":"product","link":"https:\/\/www.livrariarema.com.br\/loja\/produtos\/biblias\/nova-almeida-atualizada\/na065lgi-biblia-letra-gigante-marrom-lama-fosco\/","title":{"rendered":"Na065lgi &#8211; B\u00edblia Letra Gigante &#8211; Marrom Lama Fosco"},"content":{"rendered":"<p>Esta edi\u00e7\u00e3o da B\u00edblia Sagrada \u00e9 ideal para quem busca conforto na leitura da Palavra de Deus e, ao mesmo tempo, praticidade no uso e transporte di\u00e1rios.<\/p>\n","protected":false},"excerpt":{"rendered":"<p>Esta edi\u00e7\u00e3o da B\u00edblia Sagrada \u00e9 ideal para quem busca conforto na leitura da Palavra de Deus e, ao mesmo&hellip;<\/p>\n","protected":false},"featured_media":338423,"comment_status":"open","ping_status":"closed","template":"","meta":[],"product_cat":[139,174],"product_tag":[],"_links":{"self":[{"href":"https:\/\/www.livrariarema.com.br\/loja\/wp-json\/wp\/v2\/product\/323643"}],"collection":[{"href":"https:\/\/www.livrariarema.com.br\/loja\/wp-json\/wp\/v2\/product"}],"about":[{"href":"https:\/\/www.livrariarema.com.br\/loja\/wp-json\/wp\/v2\/types\/product"}],"replies":[{"embeddable":true,"href":"https:\/\/www.livrariarema.com.br\/loja\/wp-json\/wp\/v2\/comments?post=323643"}],"wp:featuredmedia":[{"embeddable":true,"href":"https:\/\/www.livrariarema.com.br\/loja\/wp-json\/wp\/v2\/media\/338423"}],"wp:attachment":[{"href":"https:\/\/www.livrariarema.com.br\/loja\/wp-json\/wp\/v2\/media?parent=323643"}],"wp:term":[{"taxonomy":"product_cat","embeddable":true,"href":"https:\/\/www.livrariarema.com.br\/loja\/wp-json\/wp\/v2\/product_cat?post=323643"},{"taxonomy":"product_tag","embeddable":true,"href":"https:\/\/www.livrariarema.com.br\/loja\/wp-json\/wp\/v2\/product_tag?post=323643"}],"curies":[{"name":"wp","href":"https:\/\/api.w.org\/{rel}","templated":true}]}}