{"id":323658,"date":"2024-12-01T16:07:37","date_gmt":"2024-12-01T19:07:37","guid":{"rendered":"https:\/\/www.livrariarema.com.br\/loja\/produtos\/sem categoria\/ntlh63m-biblia-letra-normal-capa-dura-leao\/"},"modified":"2026-02-21T13:11:36","modified_gmt":"2026-02-21T16:11:36","slug":"ntlh63m-biblia-letra-normal-capa-dura-leao","status":"publish","type":"product","link":"https:\/\/www.livrariarema.com.br\/loja\/produtos\/biblias\/ntlh\/ntlh63m-biblia-letra-normal-capa-dura-leao\/","title":{"rendered":"Ntlh63m &#8211; B\u00edblia &#8211; Letra Normal &#8211; Capa Dura &#8211; Le\u00e3o"},"content":{"rendered":"<p>Com um visual moderno e atual, capa dura e texto b\u00edblico na Nova Tradu\u00e7\u00e3o na Linguagem de Hoje, essa edi\u00e7\u00e3o \u00e9 indicada especialmente para o p\u00fablico jovem.<\/p>\n","protected":false},"excerpt":{"rendered":"<p>Com um visual moderno e atual, capa dura e texto b\u00edblico na Nova Tradu\u00e7\u00e3o na Linguagem de Hoje, essa edi\u00e7\u00e3o&hellip;<\/p>\n","protected":false},"featured_media":343954,"comment_status":"open","ping_status":"closed","template":"","meta":[],"product_cat":[139,188],"product_tag":[],"_links":{"self":[{"href":"https:\/\/www.livrariarema.com.br\/loja\/wp-json\/wp\/v2\/product\/323658"}],"collection":[{"href":"https:\/\/www.livrariarema.com.br\/loja\/wp-json\/wp\/v2\/product"}],"about":[{"href":"https:\/\/www.livrariarema.com.br\/loja\/wp-json\/wp\/v2\/types\/product"}],"replies":[{"embeddable":true,"href":"https:\/\/www.livrariarema.com.br\/loja\/wp-json\/wp\/v2\/comments?post=323658"}],"wp:featuredmedia":[{"embeddable":true,"href":"https:\/\/www.livrariarema.com.br\/loja\/wp-json\/wp\/v2\/media\/343954"}],"wp:attachment":[{"href":"https:\/\/www.livrariarema.com.br\/loja\/wp-json\/wp\/v2\/media?parent=323658"}],"wp:term":[{"taxonomy":"product_cat","embeddable":true,"href":"https:\/\/www.livrariarema.com.br\/loja\/wp-json\/wp\/v2\/product_cat?post=323658"},{"taxonomy":"product_tag","embeddable":true,"href":"https:\/\/www.livrariarema.com.br\/loja\/wp-json\/wp\/v2\/product_tag?post=323658"}],"curies":[{"name":"wp","href":"https:\/\/api.w.org\/{rel}","templated":true}]}}