{"id":323673,"date":"2024-12-01T16:17:22","date_gmt":"2024-12-01T19:17:22","guid":{"rendered":"https:\/\/www.livrariarema.com.br\/loja\/produtos\/sem categoria\/ntlh061lg-biblia-letra-grande-capa-semiflexivel-dourado\/"},"modified":"2026-04-29T13:53:57","modified_gmt":"2026-04-29T16:53:57","slug":"ntlh061lg-biblia-letra-grande-capa-semiflexivel-dourado","status":"publish","type":"product","link":"https:\/\/www.livrariarema.com.br\/loja\/produtos\/biblias\/ntlh\/ntlh061lg-biblia-letra-grande-capa-semiflexivel-dourado\/","title":{"rendered":"Ntlh061lg &#8211; B\u00edblia &#8211; Letra Grande &#8211; Capa Semiflex\u00edvel &#8211; Dourado"},"content":{"rendered":"<p>B\u00edblia Sagrada possui letra grande o que a torna ideal para a leitura di\u00e1ria e para a compreens\u00e3o da Palavra de Deus.<\/p>\n","protected":false},"excerpt":{"rendered":"<p>B\u00edblia Sagrada possui letra grande o que a torna ideal para a leitura di\u00e1ria e para a compreens\u00e3o da Palavra&hellip;<\/p>\n","protected":false},"featured_media":347579,"comment_status":"open","ping_status":"closed","template":"","meta":[],"product_cat":[139,188],"product_tag":[],"_links":{"self":[{"href":"https:\/\/www.livrariarema.com.br\/loja\/wp-json\/wp\/v2\/product\/323673"}],"collection":[{"href":"https:\/\/www.livrariarema.com.br\/loja\/wp-json\/wp\/v2\/product"}],"about":[{"href":"https:\/\/www.livrariarema.com.br\/loja\/wp-json\/wp\/v2\/types\/product"}],"replies":[{"embeddable":true,"href":"https:\/\/www.livrariarema.com.br\/loja\/wp-json\/wp\/v2\/comments?post=323673"}],"wp:featuredmedia":[{"embeddable":true,"href":"https:\/\/www.livrariarema.com.br\/loja\/wp-json\/wp\/v2\/media\/347579"}],"wp:attachment":[{"href":"https:\/\/www.livrariarema.com.br\/loja\/wp-json\/wp\/v2\/media?parent=323673"}],"wp:term":[{"taxonomy":"product_cat","embeddable":true,"href":"https:\/\/www.livrariarema.com.br\/loja\/wp-json\/wp\/v2\/product_cat?post=323673"},{"taxonomy":"product_tag","embeddable":true,"href":"https:\/\/www.livrariarema.com.br\/loja\/wp-json\/wp\/v2\/product_tag?post=323673"}],"curies":[{"name":"wp","href":"https:\/\/api.w.org\/{rel}","templated":true}]}}