{"id":323736,"date":"2024-12-01T16:43:53","date_gmt":"2024-12-01T19:43:53","guid":{"rendered":"https:\/\/www.livrariarema.com.br\/loja\/produtos\/sem categoria\/biblia-nvi-slim-semi-luxo-grafite\/"},"modified":"2025-08-09T10:20:34","modified_gmt":"2025-08-09T13:20:34","slug":"biblia-nvi-slim-semi-luxo-grafite","status":"publish","type":"product","link":"https:\/\/www.livrariarema.com.br\/loja\/produtos\/biblias\/nvi\/biblia-nvi-slim-semi-luxo-grafite\/","title":{"rendered":"B\u00edblia &#8211; Nvi &#8211; Slim &#8211; Semi Luxo &#8211; Grafite"},"content":{"rendered":"<p>A consagrada vers\u00e3o NVI em uma edi\u00e7\u00e3o mais leve com menos p\u00e1ginas e o mesmo conte\u00fado, tamanho de letra confort\u00e1vel e de f\u00e1cil manuseio, voc\u00ea leva ela para todo lugar, seja para o culto ou para evangeliza\u00e7\u00e3o e com o exclusivo acabamento semi luxo.<\/p>\n","protected":false},"excerpt":{"rendered":"<p>A consagrada vers\u00e3o NVI em uma edi\u00e7\u00e3o mais leve com menos p\u00e1ginas e o mesmo conte\u00fado, tamanho de letra confort\u00e1vel&hellip;<\/p>\n","protected":false},"featured_media":325877,"comment_status":"open","ping_status":"closed","template":"","meta":[],"product_cat":[139,166],"product_tag":[],"_links":{"self":[{"href":"https:\/\/www.livrariarema.com.br\/loja\/wp-json\/wp\/v2\/product\/323736"}],"collection":[{"href":"https:\/\/www.livrariarema.com.br\/loja\/wp-json\/wp\/v2\/product"}],"about":[{"href":"https:\/\/www.livrariarema.com.br\/loja\/wp-json\/wp\/v2\/types\/product"}],"replies":[{"embeddable":true,"href":"https:\/\/www.livrariarema.com.br\/loja\/wp-json\/wp\/v2\/comments?post=323736"}],"wp:featuredmedia":[{"embeddable":true,"href":"https:\/\/www.livrariarema.com.br\/loja\/wp-json\/wp\/v2\/media\/325877"}],"wp:attachment":[{"href":"https:\/\/www.livrariarema.com.br\/loja\/wp-json\/wp\/v2\/media?parent=323736"}],"wp:term":[{"taxonomy":"product_cat","embeddable":true,"href":"https:\/\/www.livrariarema.com.br\/loja\/wp-json\/wp\/v2\/product_cat?post=323736"},{"taxonomy":"product_tag","embeddable":true,"href":"https:\/\/www.livrariarema.com.br\/loja\/wp-json\/wp\/v2\/product_tag?post=323736"}],"curies":[{"name":"wp","href":"https:\/\/api.w.org\/{rel}","templated":true}]}}